{"id":219,"date":"2025-03-07T20:24:49","date_gmt":"2025-03-07T20:24:49","guid":{"rendered":"https:\/\/rheumanext.pl\/?page_id=219"},"modified":"2026-03-14T22:24:36","modified_gmt":"2026-03-14T22:24:36","slug":"ocena-aktywnosci-luszczycowego-zapalenia-stawow-asqol","status":"publish","type":"page","link":"https:\/\/rheumanext.pl\/en\/kalkulatory\/aktywnosc\/ocena-aktywnosci-luszczycowego-zapalenia-stawow-asqol\/","title":{"rendered":"Ocena wp\u0142ywu zesztywniaj\u0105cego zapalenia staw\u00f3w kr\u0119gos\u0142upa (ZZSK, AS) na jako\u015b\u0107 \u017cycia &#8211; ASQoL"},"content":{"rendered":"\n<section id=\"rx-asqol-calculator\" style=\"max-width:960px;margin:0 auto;font:16px\/1.55 Inter,ui-sans-serif,system-ui,-apple-system,BlinkMacSystemFont,'Segoe UI',sans-serif;color:#0f172a;\">\n  <div style=\"background:linear-gradient(180deg,#ffffff 0%,#fbfdff 100%);border:1px solid #e2e8f0;border-radius:24px;box-shadow:0 12px 30px rgba(15,23,42,.06);overflow:hidden;\">\n    <div style=\"padding:28px 28px 20px;border-bottom:1px solid #e2e8f0;background:radial-gradient(circle at top right, rgba(15,118,110,.08), transparent 32%), linear-gradient(180deg,#ffffff 0%,#f8fafc 100%);\">\n      <div style=\"display:inline-block;padding:6px 12px;border-radius:999px;background:rgba(15,118,110,.10);color:#0f766e;font-size:12px;font-weight:700;letter-spacing:.02em;text-transform:uppercase;margin-bottom:14px;\">Jako\u015b\u0107 \u017cycia \/ PRO<\/div>\n      <h2 style=\"margin:0 0 10px;font-size:clamp(24px,3vw,32px);line-height:1.15;letter-spacing:-.02em;\">Ocena wp\u0142ywu zesztywniaj\u0105cego zapalenia staw\u00f3w kr\u0119gos\u0142upa (ZZSK, AS) na jako\u015b\u0107 \u017cycia \u2014 ASQoL<\/h2>\n      <p style=\"margin:0;color:#475569;max-width:76ch;\">Ankylosing Spondylitis Quality of Life to 18-punktowy kwestionariusz tak\/nie. Zaznacz \u201eTak\u201d przy ka\u017cdym stwierdzeniu, kt\u00f3re jest prawdziwe dzisiaj.<\/p>\n    <\/div>\n\n    <div style=\"padding:28px;display:grid;gap:20px;\">\n      <div style=\"border:1px solid #e2e8f0;background:#f8fafc;border-radius:18px;padding:16px 18px;color:#475569;font-size:14px;\">\n        <strong style=\"color:#0f172a;\">Instrukcja:<\/strong> ka\u017cda odpowied\u017a \u201eTak\u201d = 1 punkt. Wynik ca\u0142kowity mie\u015bci si\u0119 w zakresie 0\u201318. Im wy\u017cszy wynik, tym gorsza jako\u015b\u0107 \u017cycia zwi\u0105zana z chorob\u0105.\n      <\/div>\n\n      <div style=\"background:#fff;border:1px solid #e2e8f0;border-radius:20px;padding:20px;\">\n        <div style=\"display:grid;gap:12px;\">\n\n          <label style=\"display:flex;align-items:flex-start;gap:10px;padding:14px;border:1px solid #e2e8f0;border-radius:16px;background:#fff;cursor:pointer;\">\n            <input type=\"checkbox\" id=\"rx-asqol-1\" style=\"margin-top:3px;accent-color:#0f766e;\">\n            <span>1. Czasami mam ochot\u0119 p\u0142aka\u0107.<\/span>\n          <\/label>\n\n          <label style=\"display:flex;align-items:flex-start;gap:10px;padding:14px;border:1px solid #e2e8f0;border-radius:16px;background:#fff;cursor:pointer;\">\n            <input type=\"checkbox\" id=\"rx-asqol-2\" style=\"margin-top:3px;accent-color:#0f766e;\">\n            <span>2. Mam trudno\u015bci z ubieraniem si\u0119.<\/span>\n          <\/label>\n\n          <label style=\"display:flex;align-items:flex-start;gap:10px;padding:14px;border:1px solid #e2e8f0;border-radius:16px;background:#fff;cursor:pointer;\">\n            <input type=\"checkbox\" id=\"rx-asqol-3\" style=\"margin-top:3px;accent-color:#0f766e;\">\n            <span>3. Trudno mi schyla\u0107 si\u0119 do pod\u0142ogi.<\/span>\n          <\/label>\n\n          <label style=\"display:flex;align-items:flex-start;gap:10px;padding:14px;border:1px solid #e2e8f0;border-radius:16px;background:#fff;cursor:pointer;\">\n            <input type=\"checkbox\" id=\"rx-asqol-4\" style=\"margin-top:3px;accent-color:#0f766e;\">\n            <span>4. Trudno mi dosi\u0119gn\u0105\u0107 rzeczy.<\/span>\n          <\/label>\n\n          <label style=\"display:flex;align-items:flex-start;gap:10px;padding:14px;border:1px solid #e2e8f0;border-radius:16px;background:#fff;cursor:pointer;\">\n            <input type=\"checkbox\" id=\"rx-asqol-5\" style=\"margin-top:3px;accent-color:#0f766e;\">\n            <span>5. Mam trudno\u015bci z wykonywaniem prac domowych.<\/span>\n          <\/label>\n\n          <label style=\"display:flex;align-items:flex-start;gap:10px;padding:14px;border:1px solid #e2e8f0;border-radius:16px;background:#fff;cursor:pointer;\">\n            <input type=\"checkbox\" id=\"rx-asqol-6\" style=\"margin-top:3px;accent-color:#0f766e;\">\n            <span>6. Cz\u0119sto jestem z\u0142y(a).<\/span>\n          <\/label>\n\n          <label style=\"display:flex;align-items:flex-start;gap:10px;padding:14px;border:1px solid #e2e8f0;border-radius:16px;background:#fff;cursor:pointer;\">\n            <input type=\"checkbox\" id=\"rx-asqol-7\" style=\"margin-top:3px;accent-color:#0f766e;\">\n            <span>7. Ca\u0142y czas jestem zm\u0119czony(a).<\/span>\n          <\/label>\n\n          <label style=\"display:flex;align-items:flex-start;gap:10px;padding:14px;border:1px solid #e2e8f0;border-radius:16px;background:#fff;cursor:pointer;\">\n            <input type=\"checkbox\" id=\"rx-asqol-8\" style=\"margin-top:3px;accent-color:#0f766e;\">\n            <span>8. Musz\u0119 cz\u0119sto przerywa\u0107 to, co robi\u0119, \u017ceby odpocz\u0105\u0107.<\/span>\n          <\/label>\n\n          <label style=\"display:flex;align-items:flex-start;gap:10px;padding:14px;border:1px solid #e2e8f0;border-radius:16px;background:#fff;cursor:pointer;\">\n            <input type=\"checkbox\" id=\"rx-asqol-9\" style=\"margin-top:3px;accent-color:#0f766e;\">\n            <span>9. Mam niezno\u015bny b\u00f3l.<\/span>\n          <\/label>\n\n          <label style=\"display:flex;align-items:flex-start;gap:10px;padding:14px;border:1px solid #e2e8f0;border-radius:16px;background:#fff;cursor:pointer;\">\n            <input type=\"checkbox\" id=\"rx-asqol-10\" style=\"margin-top:3px;accent-color:#0f766e;\">\n            <span>10. Rano d\u0142ugo trwa, zanim zaczn\u0119 normalnie funkcjonowa\u0107.<\/span>\n          <\/label>\n\n          <label style=\"display:flex;align-items:flex-start;gap:10px;padding:14px;border:1px solid #e2e8f0;border-radius:16px;background:#fff;cursor:pointer;\">\n            <input type=\"checkbox\" id=\"rx-asqol-11\" style=\"margin-top:3px;accent-color:#0f766e;\">\n            <span>11. Nie jestem w stanie wykonywa\u0107 prac w domu.<\/span>\n          <\/label>\n\n          <label style=\"display:flex;align-items:flex-start;gap:10px;padding:14px;border:1px solid #e2e8f0;border-radius:16px;background:#fff;cursor:pointer;\">\n            <input type=\"checkbox\" id=\"rx-asqol-12\" style=\"margin-top:3px;accent-color:#0f766e;\">\n            <span>12. \u0141atwo si\u0119 m\u0119cz\u0119.<\/span>\n          <\/label>\n\n          <label style=\"display:flex;align-items:flex-start;gap:10px;padding:14px;border:1px solid #e2e8f0;border-radius:16px;background:#fff;cursor:pointer;\">\n            <input type=\"checkbox\" id=\"rx-asqol-13\" style=\"margin-top:3px;accent-color:#0f766e;\">\n            <span>13. Cz\u0119sto czuj\u0119 frustracj\u0119.<\/span>\n          <\/label>\n\n          <label style=\"display:flex;align-items:flex-start;gap:10px;padding:14px;border:1px solid #e2e8f0;border-radius:16px;background:#fff;cursor:pointer;\">\n            <input type=\"checkbox\" id=\"rx-asqol-14\" style=\"margin-top:3px;accent-color:#0f766e;\">\n            <span>14. B\u00f3l jest ca\u0142y czas obecny.<\/span>\n          <\/label>\n\n          <label style=\"display:flex;align-items:flex-start;gap:10px;padding:14px;border:1px solid #e2e8f0;border-radius:16px;background:#fff;cursor:pointer;\">\n            <input type=\"checkbox\" id=\"rx-asqol-15\" style=\"margin-top:3px;accent-color:#0f766e;\">\n            <span>15. Mam poczucie, \u017ce wiele mnie omija.<\/span>\n          <\/label>\n\n          <label style=\"display:flex;align-items:flex-start;gap:10px;padding:14px;border:1px solid #e2e8f0;border-radius:16px;background:#fff;cursor:pointer;\">\n            <input type=\"checkbox\" id=\"rx-asqol-16\" style=\"margin-top:3px;accent-color:#0f766e;\">\n            <span>16. Trudno mi umy\u0107 w\u0142osy.<\/span>\n          <\/label>\n\n          <label style=\"display:flex;align-items:flex-start;gap:10px;padding:14px;border:1px solid #e2e8f0;border-radius:16px;background:#fff;cursor:pointer;\">\n            <input type=\"checkbox\" id=\"rx-asqol-17\" style=\"margin-top:3px;accent-color:#0f766e;\">\n            <span>17. M\u00f3j stan mnie przygn\u0119bia.<\/span>\n          <\/label>\n\n          <label style=\"display:flex;align-items:flex-start;gap:10px;padding:14px;border:1px solid #e2e8f0;border-radius:16px;background:#fff;cursor:pointer;\">\n            <input type=\"checkbox\" id=\"rx-asqol-18\" style=\"margin-top:3px;accent-color:#0f766e;\">\n            <span>18. Martwi\u0119 si\u0119, \u017ce zawodz\u0119 innych ludzi.<\/span>\n          <\/label>\n\n        <\/div>\n      <\/div>\n\n      <div style=\"display:flex;flex-wrap:wrap;gap:12px;margin-top:2px;\">\n        <button\n          type=\"button\"\n          id=\"rx-asqol-calc-btn\"\n          style=\"appearance:none;border:0;border-radius:16px;padding:14px 18px;background:linear-gradient(180deg,#0f766e 0%,#115e59 100%);color:#fff;font:inherit;font-weight:700;cursor:pointer;box-shadow:0 12px 24px rgba(15,118,110,.22);display:inline-flex;align-items:center;justify-content:center;min-width:180px;\"\n        >Oblicz wynik<\/button>\n\n        <button\n          type=\"button\"\n          id=\"rx-asqol-clear-btn\"\n          style=\"appearance:none;border:1px solid #cbd5e1;border-radius:16px;padding:14px 18px;background:#fff;color:#0f172a;font:inherit;font-weight:700;cursor:pointer;display:inline-flex;align-items:center;justify-content:center;\"\n        >Wyczy\u015b\u0107<\/button>\n      <\/div>\n\n      <div id=\"rx-asqol-result\" style=\"display:block;border-radius:20px;padding:20px;border:1px solid #e2e8f0;background:#f8fafc;\">\n        <p id=\"rx-asqol-result-title\" style=\"margin:0 0 8px;font-size:18px;line-height:1.3;font-weight:800;color:#0f172a;\">Wynik pojawi si\u0119 tutaj<\/p>\n        <p id=\"rx-asqol-result-text\" style=\"margin:0 0 8px;\">Zaznacz odpowiedzi, a nast\u0119pnie kliknij \u201eOblicz wynik\u201d.<\/p>\n        <p id=\"rx-asqol-result-note\" style=\"margin:0;color:#475569;font-size:14px;\">Wynik ASQoL = suma odpowiedzi \u201eTak\u201d, zakres 0\u201318. Im wy\u017cszy wynik, tym gorsza jako\u015b\u0107 \u017cycia.  [oai_citation:2\u2021eprints.whiterose.ac.uk](https:\/\/eprints.whiterose.ac.uk\/id\/eprint\/1048\/1\/tennanta5.pdf?utm_source=chatgpt.com)<\/p>\n      <\/div>\n\n      <div style=\"border:1px solid #e2e8f0;background:linear-gradient(180deg,#ffffff 0%,#f8fafc 100%);border-radius:18px;padding:16px 18px;color:#475569;font-size:14px;\">\n        <strong style=\"color:#0f172a;\">Uwaga:<\/strong> ASQoL to narz\u0119dzie PRO oceniaj\u0105ce jako\u015b\u0107 \u017cycia zwi\u0105zan\u0105 z ZZSK \/ AS. Nie mierzy bezpo\u015brednio aktywno\u015bci zapalnej choroby. Edukacyjnie. Nie zast\u0119puje konsultacji lekarskiej.\n      <\/div>\n    <\/div>\n  <\/div>\n<\/section>\n\n<script>\n(function () {\n  var calcBtn = document.getElementById('rx-asqol-calc-btn');\n  var clearBtn = document.getElementById('rx-asqol-clear-btn');\n\n  if (!calcBtn || !clearBtn) return;\n\n  var ids = [\n    'rx-asqol-1','rx-asqol-2','rx-asqol-3','rx-asqol-4','rx-asqol-5','rx-asqol-6',\n    'rx-asqol-7','rx-asqol-8','rx-asqol-9','rx-asqol-10','rx-asqol-11','rx-asqol-12',\n    'rx-asqol-13','rx-asqol-14','rx-asqol-15','rx-asqol-16','rx-asqol-17','rx-asqol-18'\n  ];\n\n  calcBtn.addEventListener('click', function () {\n    var total = 0;\n\n    ids.forEach(function (id) {\n      var el = document.getElementById(id);\n      if (el && el.checked) total += 1;\n    });\n\n    var result = document.getElementById('rx-asqol-result');\n    var title = document.getElementById('rx-asqol-result-title');\n    var text = document.getElementById('rx-asqol-result-text');\n    var note = document.getElementById('rx-asqol-result-note');\n\n    result.style.display = 'block';\n\n    if (total <= 5) {\n      result.style.background = '#f0fdf4';\n      result.style.border = '1px solid #bbf7d0';\n      title.style.color = '#166534';\n      title.innerHTML = 'Niewielki wp\u0142yw na jako\u015b\u0107 \u017cycia';\n      text.innerHTML = 'Wynik ASQoL: ' + total + ' \/ 18.';\n      note.innerHTML = 'Ni\u017cszy wynik oznacza mniejszy wp\u0142yw choroby na codzienne \u017cycie.';\n    } else if (total <= 11) {\n      result.style.background = '#fffbeb';\n      result.style.border = '1px solid #fde68a';\n      title.style.color = '#92400e';\n      title.innerHTML = 'Umiarkowany wp\u0142yw na jako\u015b\u0107 \u017cycia';\n      text.innerHTML = 'Wynik ASQoL: ' + total + ' \/ 18.';\n      note.innerHTML = 'Wy\u017cszy wynik oznacza wi\u0119ksze obci\u0105\u017cenie jako\u015bci \u017cycia zwi\u0105zane z chorob\u0105.';\n    } else {\n      result.style.background = '#fef2f2';\n      result.style.border = '1px solid #fecaca';\n      title.style.color = '#991b1b';\n      title.innerHTML = 'Du\u017cy wp\u0142yw na jako\u015b\u0107 \u017cycia';\n      text.innerHTML = 'Wynik ASQoL: ' + total + ' \/ 18.';\n      note.innerHTML = 'Wysoki wynik sugeruje znaczny wp\u0142yw choroby na funkcjonowanie i samopoczucie.';\n    }\n  });\n\n  clearBtn.addEventListener('click', function () {\n    ids.forEach(function (id) {\n      var el = document.getElementById(id);\n      if (el) el.checked = false;\n    });\n\n    document.getElementById('rx-asqol-result').style.display = 'block';\n    document.getElementById('rx-asqol-result').style.background = '#f8fafc';\n    document.getElementById('rx-asqol-result').style.border = '1px solid #e2e8f0';\n    document.getElementById('rx-asqol-result-title').style.color = '#0f172a';\n    document.getElementById('rx-asqol-result-title').innerHTML = 'Wynik pojawi si\u0119 tutaj';\n    document.getElementById('rx-asqol-result-text').innerHTML = 'Zaznacz odpowiedzi, a nast\u0119pnie kliknij \u201eOblicz wynik\u201d.';\n    document.getElementById('rx-asqol-result-note').innerHTML = 'Wynik ASQoL = suma odpowiedzi \u201eTak\u201d, zakres 0\u201318. Im wy\u017cszy wynik, tym gorsza jako\u015b\u0107 \u017cycia.';\n  });\n})();\n<\/script>\n","protected":false},"excerpt":{"rendered":"<p>Jako\u015b\u0107 \u017cycia \/ PRO Ocena wp\u0142ywu zesztywniaj\u0105cego zapalenia staw\u00f3w kr\u0119gos\u0142upa (ZZSK, AS) na jako\u015b\u0107 \u017cycia \u2014 ASQoL Ankylosing Spondylitis Quality of Life to 18-punktowy kwestionariusz tak\/nie. Zaznacz \u201eTak\u201d przy ka\u017cdym stwierdzeniu, kt\u00f3re jest prawdziwe dzisiaj. Instrukcja: ka\u017cda odpowied\u017a \u201eTak\u201d = 1 punkt. Wynik ca\u0142kowity mie\u015bci si\u0119 w zakresie 0\u201318. Im wy\u017cszy wynik, tym gorsza jako\u015b\u0107&#8230;<\/p>","protected":false},"author":1,"featured_media":0,"parent":936,"menu_order":0,"comment_status":"closed","ping_status":"closed","template":"","meta":{"_bbp_topic_count":0,"_bbp_reply_count":0,"_bbp_total_topic_count":0,"_bbp_total_reply_count":0,"_bbp_voice_count":0,"_bbp_anonymous_reply_count":0,"_bbp_topic_count_hidden":0,"_bbp_reply_count_hidden":0,"_bbp_forum_subforum_count":0,"_kadence_starter_templates_imported_post":false,"_kad_post_transparent":"","_kad_post_title":"","_kad_post_layout":"","_kad_post_sidebar_id":"","_kad_post_content_style":"","_kad_post_vertical_padding":"","_kad_post_feature":"","_kad_post_feature_position":"","_kad_post_header":false,"_kad_post_footer":false,"_kad_post_classname":"","footnotes":""},"class_list":["post-219","page","type-page","status-publish","hentry"],"_links":{"self":[{"href":"https:\/\/rheumanext.pl\/en\/wp-json\/wp\/v2\/pages\/219","targetHints":{"allow":["GET"]}}],"collection":[{"href":"https:\/\/rheumanext.pl\/en\/wp-json\/wp\/v2\/pages"}],"about":[{"href":"https:\/\/rheumanext.pl\/en\/wp-json\/wp\/v2\/types\/page"}],"author":[{"embeddable":true,"href":"https:\/\/rheumanext.pl\/en\/wp-json\/wp\/v2\/users\/1"}],"replies":[{"embeddable":true,"href":"https:\/\/rheumanext.pl\/en\/wp-json\/wp\/v2\/comments?post=219"}],"version-history":[{"count":5,"href":"https:\/\/rheumanext.pl\/en\/wp-json\/wp\/v2\/pages\/219\/revisions"}],"predecessor-version":[{"id":1189,"href":"https:\/\/rheumanext.pl\/en\/wp-json\/wp\/v2\/pages\/219\/revisions\/1189"}],"up":[{"embeddable":true,"href":"https:\/\/rheumanext.pl\/en\/wp-json\/wp\/v2\/pages\/936"}],"wp:attachment":[{"href":"https:\/\/rheumanext.pl\/en\/wp-json\/wp\/v2\/media?parent=219"}],"curies":[{"name":"wp","href":"https:\/\/api.w.org\/{rel}","templated":true}]}}