{"id":355,"date":"2025-03-08T23:27:31","date_gmt":"2025-03-08T23:27:31","guid":{"rendered":"https:\/\/rheumanext.pl\/?page_id=355"},"modified":"2026-03-14T19:35:18","modified_gmt":"2026-03-14T19:35:18","slug":"zespol-wielomiejscowego-bolu-miejscowego-kryteria-budapesztanskie","status":"publish","type":"page","link":"https:\/\/rheumanext.pl\/en\/kalkulatory\/kryteria\/zespol-wielomiejscowego-bolu-miejscowego-kryteria-budapesztanskie\/","title":{"rendered":"Zesp\u00f3\u0142 wielomiejscowego b\u00f3lu miejscowego (CRPS)- kryteria budapeszta\u0144skie"},"content":{"rendered":"\n<section id=\"rx-crps-budapest-calculator\" style=\"max-width:960px;margin:0 auto;font:16px\/1.55 Inter,ui-sans-serif,system-ui,-apple-system,BlinkMacSystemFont,'Segoe UI',sans-serif;color:#0f172a;\">\n  <div style=\"background:linear-gradient(180deg,#ffffff 0%,#fbfdff 100%);border:1px solid #e2e8f0;border-radius:24px;box-shadow:0 12px 30px rgba(15,23,42,.06);overflow:hidden;\">\n    <div style=\"padding:28px 28px 20px;border-bottom:1px solid #e2e8f0;background:radial-gradient(circle at top right, rgba(15,118,110,.08), transparent 32%), linear-gradient(180deg,#ffffff 0%,#f8fafc 100%);\">\n      <div style=\"display:inline-block;padding:6px 12px;border-radius:999px;background:rgba(15,118,110,.10);color:#0f766e;font-size:12px;font-weight:700;letter-spacing:.02em;text-transform:uppercase;margin-bottom:14px;\">Kalkulator klasyfikacyjny<\/div>\n      <h2 style=\"margin:0 0 10px;font-size:clamp(24px,3vw,32px);line-height:1.15;letter-spacing:-.02em;\">Zesp\u00f3\u0142 wielomiejscowego b\u00f3lu miejscowego (CRPS) \u2014 kryteria budapeszta\u0144skie<\/h2>\n      <p style=\"margin:0;color:#475569;max-width:76ch;\">Kryteria budapeszta\u0144skie wymagaj\u0105: utrzymuj\u0105cego si\u0119 b\u00f3lu nieproporcjonalnego do zdarzenia wywo\u0142uj\u0105cego, co najmniej 1 objawu w 3 z 4 kategorii, co najmniej 1 objawu przedmiotowego w 2 z 4 kategorii oraz braku lepszego rozpoznania wyja\u015bniaj\u0105cego obraz kliniczny.<\/p>\n    <\/div>\n\n    <div style=\"padding:28px;display:grid;gap:20px;\">\n      <div style=\"background:#fff;border:1px solid #e2e8f0;border-radius:20px;padding:20px;\">\n        <h3 style=\"margin:0 0 6px;font-size:18px;\">1. Warunki podstawowe<\/h3>\n        <p style=\"margin:0 0 16px;color:#475569;font-size:14px;\">Najpierw oce\u0144 b\u00f3l i diagnostyk\u0119 r\u00f3\u017cnicow\u0105.<\/p>\n\n        <div style=\"display:grid;gap:16px;\">\n          <div>\n            <p style=\"margin:0 0 10px;color:#0f172a;font-weight:700;\">Czy wyst\u0119puje utrzymuj\u0105cy si\u0119 b\u00f3l nieproporcjonalny do zdarzenia wywo\u0142uj\u0105cego?<\/p>\n            <div style=\"display:grid;grid-template-columns:repeat(auto-fit,minmax(220px,1fr));gap:12px;\">\n              <label style=\"display:flex;align-items:flex-start;gap:10px;padding:12px 14px;border:1px solid #e2e8f0;border-radius:16px;background:#fff;cursor:pointer;\">\n                <input type=\"radio\" name=\"rx-crps-pain\" id=\"rx-crps-pain-no\" value=\"no\" checked style=\"margin-top:3px;accent-color:#0f766e;\">\n                <span><strong>Nie<\/strong><\/span>\n              <\/label>\n\n              <label style=\"display:flex;align-items:flex-start;gap:10px;padding:12px 14px;border:1px solid #e2e8f0;border-radius:16px;background:#fff;cursor:pointer;\">\n                <input type=\"radio\" name=\"rx-crps-pain\" id=\"rx-crps-pain-yes\" value=\"yes\" style=\"margin-top:3px;accent-color:#0f766e;\">\n                <span><strong>Tak<\/strong><\/span>\n              <\/label>\n            <\/div>\n          <\/div>\n\n          <div>\n            <p style=\"margin:0 0 10px;color:#0f172a;font-weight:700;\">Czy istnieje inne rozpoznanie lepiej wyja\u015bniaj\u0105ce objawy?<\/p>\n            <div style=\"display:grid;grid-template-columns:repeat(auto-fit,minmax(220px,1fr));gap:12px;\">\n              <label style=\"display:flex;align-items:flex-start;gap:10px;padding:12px 14px;border:1px solid #e2e8f0;border-radius:16px;background:#fff;cursor:pointer;\">\n                <input type=\"radio\" name=\"rx-crps-otherdx\" id=\"rx-crps-otherdx-no\" value=\"no\" checked style=\"margin-top:3px;accent-color:#0f766e;\">\n                <span><strong>Nie<\/strong><br><span style=\"color:#475569;font-size:13px;\">brak lepszego rozpoznania alternatywnego<\/span><\/span>\n              <\/label>\n\n              <label style=\"display:flex;align-items:flex-start;gap:10px;padding:12px 14px;border:1px solid #e2e8f0;border-radius:16px;background:#fff;cursor:pointer;\">\n                <input type=\"radio\" name=\"rx-crps-otherdx\" id=\"rx-crps-otherdx-yes\" value=\"yes\" style=\"margin-top:3px;accent-color:#0f766e;\">\n                <span><strong>Tak<\/strong><br><span style=\"color:#475569;font-size:13px;\">inne rozpoznanie lepiej t\u0142umaczy obraz<\/span><\/span>\n              <\/label>\n            <\/div>\n          <\/div>\n        <\/div>\n      <\/div>\n\n      <div style=\"background:#fff;border:1px solid #e2e8f0;border-radius:20px;padding:20px;\">\n        <h3 style=\"margin:0 0 6px;font-size:18px;\">2. Objawy zg\u0142aszane przez pacjenta<\/h3>\n        <p style=\"margin:0 0 16px;color:#475569;font-size:14px;\">Do spe\u0142nienia kryteri\u00f3w potrzebny jest co najmniej 1 objaw w 3 z 4 kategorii.<\/p>\n\n        <div style=\"display:grid;gap:20px;\">\n          <div>\n            <p style=\"margin:0 0 10px;font-weight:800;color:#0f172a;\">A. Sensoryczne<\/p>\n            <div style=\"display:grid;grid-template-columns:repeat(auto-fit,minmax(240px,1fr));gap:12px;\">\n              <label style=\"display:flex;align-items:flex-start;gap:10px;padding:14px;border:1px solid #e2e8f0;border-radius:16px;background:#fff;cursor:pointer;\">\n                <input type=\"checkbox\" id=\"rx-crps-symptom-sensory\" style=\"margin-top:3px;accent-color:#0f766e;\">\n                <span><strong>Hiperestezja i\/lub allodynia<\/strong><br><span style=\"color:#475569;font-size:13px;\">np. nadmierna bolesno\u015b\u0107 dotyku, ruchu, ucisku, temperatury<\/span><\/span>\n              <\/label>\n            <\/div>\n          <\/div>\n\n          <div>\n            <p style=\"margin:0 0 10px;font-weight:800;color:#0f172a;\">B. Naczynioruchowe<\/p>\n            <div style=\"display:grid;grid-template-columns:repeat(auto-fit,minmax(240px,1fr));gap:12px;\">\n              <label style=\"display:flex;align-items:flex-start;gap:10px;padding:14px;border:1px solid #e2e8f0;border-radius:16px;background:#fff;cursor:pointer;\">\n                <input type=\"checkbox\" id=\"rx-crps-symptom-vasomotor\" style=\"margin-top:3px;accent-color:#0f766e;\">\n                <span><strong>Asymetria temperatury i\/lub zmiana barwy sk\u00f3ry<\/strong><br><span style=\"color:#475569;font-size:13px;\">lub asymetria koloru sk\u00f3ry<\/span><\/span>\n              <\/label>\n            <\/div>\n          <\/div>\n\n          <div>\n            <p style=\"margin:0 0 10px;font-weight:800;color:#0f172a;\">C. Sudomotoryczne \/ obrz\u0119kowe<\/p>\n            <div style=\"display:grid;grid-template-columns:repeat(auto-fit,minmax(240px,1fr));gap:12px;\">\n              <label style=\"display:flex;align-items:flex-start;gap:10px;padding:14px;border:1px solid #e2e8f0;border-radius:16px;background:#fff;cursor:pointer;\">\n                <input type=\"checkbox\" id=\"rx-crps-symptom-sudomotor\" style=\"margin-top:3px;accent-color:#0f766e;\">\n                <span><strong>Obrz\u0119k i\/lub zmiany potliwo\u015bci<\/strong><br><span style=\"color:#475569;font-size:13px;\">lub asymetria potliwo\u015bci<\/span><\/span>\n              <\/label>\n            <\/div>\n          <\/div>\n\n          <div>\n            <p style=\"margin:0 0 10px;font-weight:800;color:#0f172a;\">D. Ruchowe \/ troficzne<\/p>\n            <div style=\"display:grid;grid-template-columns:repeat(auto-fit,minmax(240px,1fr));gap:12px;\">\n              <label style=\"display:flex;align-items:flex-start;gap:10px;padding:14px;border:1px solid #e2e8f0;border-radius:16px;background:#fff;cursor:pointer;\">\n                <input type=\"checkbox\" id=\"rx-crps-symptom-motor\" style=\"margin-top:3px;accent-color:#0f766e;\">\n                <span><strong>Zmniejszony zakres ruchu i\/lub zaburzenia ruchowe \/ troficzne<\/strong><br><span style=\"color:#475569;font-size:13px;\">np. os\u0142abienie, dr\u017cenie, dystonia, zmiany w\u0142os\u00f3w, paznokci lub sk\u00f3ry<\/span><\/span>\n              <\/label>\n            <\/div>\n          <\/div>\n        <\/div>\n      <\/div>\n\n      <div style=\"background:#fff;border:1px solid #e2e8f0;border-radius:20px;padding:20px;\">\n        <h3 style=\"margin:0 0 6px;font-size:18px;\">3. Objawy przedmiotowe w badaniu<\/h3>\n        <p style=\"margin:0 0 16px;color:#475569;font-size:14px;\">Do spe\u0142nienia kryteri\u00f3w potrzebny jest co najmniej 1 objaw przedmiotowy w 2 z 4 kategorii.<\/p>\n\n        <div style=\"display:grid;gap:20px;\">\n          <div>\n            <p style=\"margin:0 0 10px;font-weight:800;color:#0f172a;\">A. Sensoryczne<\/p>\n            <div style=\"display:grid;grid-template-columns:repeat(auto-fit,minmax(240px,1fr));gap:12px;\">\n              <label style=\"display:flex;align-items:flex-start;gap:10px;padding:14px;border:1px solid #e2e8f0;border-radius:16px;background:#fff;cursor:pointer;\">\n                <input type=\"checkbox\" id=\"rx-crps-sign-sensory\" style=\"margin-top:3px;accent-color:#0f766e;\">\n                <span><strong>Hiperalgezja i\/lub allodynia w badaniu<\/strong><br><span style=\"color:#475569;font-size:13px;\">na uk\u0142ucie, lekki dotyk, ucisk g\u0142\u0119boki stawu lub ruch<\/span><\/span>\n              <\/label>\n            <\/div>\n          <\/div>\n\n          <div>\n            <p style=\"margin:0 0 10px;font-weight:800;color:#0f172a;\">B. Naczynioruchowe<\/p>\n            <div style=\"display:grid;grid-template-columns:repeat(auto-fit,minmax(240px,1fr));gap:12px;\">\n              <label style=\"display:flex;align-items:flex-start;gap:10px;padding:14px;border:1px solid #e2e8f0;border-radius:16px;background:#fff;cursor:pointer;\">\n                <input type=\"checkbox\" id=\"rx-crps-sign-vasomotor\" style=\"margin-top:3px;accent-color:#0f766e;\">\n                <span><strong>Asymetria temperatury i\/lub koloru sk\u00f3ry<\/strong><br><span style=\"color:#475569;font-size:13px;\">obserwowana przez badaj\u0105cego<\/span><\/span>\n              <\/label>\n            <\/div>\n          <\/div>\n\n          <div>\n            <p style=\"margin:0 0 10px;font-weight:800;color:#0f172a;\">C. Sudomotoryczne \/ obrz\u0119kowe<\/p>\n            <div style=\"display:grid;grid-template-columns:repeat(auto-fit,minmax(240px,1fr));gap:12px;\">\n              <label style=\"display:flex;align-items:flex-start;gap:10px;padding:14px;border:1px solid #e2e8f0;border-radius:16px;background:#fff;cursor:pointer;\">\n                <input type=\"checkbox\" id=\"rx-crps-sign-sudomotor\" style=\"margin-top:3px;accent-color:#0f766e;\">\n                <span><strong>Obrz\u0119k i\/lub asymetria potliwo\u015bci<\/strong><br><span style=\"color:#475569;font-size:13px;\">stwierdzone w badaniu<\/span><\/span>\n              <\/label>\n            <\/div>\n          <\/div>\n\n          <div>\n            <p style=\"margin:0 0 10px;font-weight:800;color:#0f172a;\">D. Ruchowe \/ troficzne<\/p>\n            <div style=\"display:grid;grid-template-columns:repeat(auto-fit,minmax(240px,1fr));gap:12px;\">\n              <label style=\"display:flex;align-items:flex-start;gap:10px;padding:14px;border:1px solid #e2e8f0;border-radius:16px;background:#fff;cursor:pointer;\">\n                <input type=\"checkbox\" id=\"rx-crps-sign-motor\" style=\"margin-top:3px;accent-color:#0f766e;\">\n                <span><strong>Zmniejszony zakres ruchu i\/lub zaburzenia ruchowe \/ troficzne<\/strong><br><span style=\"color:#475569;font-size:13px;\">np. os\u0142abienie, dr\u017cenie, dystonia, zmiany w\u0142os\u00f3w, paznokci lub sk\u00f3ry<\/span><\/span>\n              <\/label>\n            <\/div>\n          <\/div>\n        <\/div>\n      <\/div>\n\n      <div style=\"display:flex;flex-wrap:wrap;gap:12px;margin-top:2px;\">\n        <button\n          type=\"button\"\n          id=\"rx-crps-calc-btn\"\n          style=\"appearance:none;border:0;border-radius:16px;padding:14px 18px;background:linear-gradient(180deg,#0f766e 0%,#115e59 100%);color:#fff;font:inherit;font-weight:700;cursor:pointer;box-shadow:0 12px 24px rgba(15,118,110,.22);display:inline-flex;align-items:center;justify-content:center;min-width:180px;\"\n        >Oblicz wynik<\/button>\n\n        <button\n          type=\"button\"\n          id=\"rx-crps-clear-btn\"\n          style=\"appearance:none;border:1px solid #cbd5e1;border-radius:16px;padding:14px 18px;background:#fff;color:#0f172a;font:inherit;font-weight:700;cursor:pointer;display:inline-flex;align-items:center;justify-content:center;\"\n        >Wyczy\u015b\u0107<\/button>\n      <\/div>\n\n      <div id=\"rx-crps-result\" style=\"display:block;border-radius:20px;padding:20px;border:1px solid #e2e8f0;background:#f8fafc;\">\n        <p id=\"rx-crps-result-title\" style=\"margin:0 0 8px;font-size:18px;line-height:1.3;font-weight:800;color:#0f172a;\">Wynik pojawi si\u0119 tutaj<\/p>\n        <p id=\"rx-crps-result-text\" style=\"margin:0 0 8px;\">Zaznacz odpowiedzi, a nast\u0119pnie kliknij \u201eOblicz wynik\u201d.<\/p>\n        <p id=\"rx-crps-result-note\" style=\"margin:0;color:#475569;font-size:14px;\">Regu\u0142a: b\u00f3l nieproporcjonalny + \u22651 objaw w 3 z 4 kategorii + \u22651 objaw przedmiotowy w 2 z 4 kategoriach + brak lepszego rozpoznania alternatywnego.<\/p>\n      <\/div>\n\n      <div style=\"border:1px solid #e2e8f0;background:linear-gradient(180deg,#ffffff 0%,#f8fafc 100%);border-radius:18px;padding:16px 18px;color:#475569;font-size:14px;\">\n        <strong style=\"color:#0f172a;\">Uwaga:<\/strong> to narz\u0119dzie wspiera kliniczn\u0105 ocen\u0119 CRPS wed\u0142ug kryteri\u00f3w budapeszta\u0144skich i nie zast\u0119puje pe\u0142nej oceny lekarskiej. Kryteria opieraj\u0105 si\u0119 na objawach i badaniu przedmiotowym, przy r\u00f3wnoczesnym wykluczeniu innych przyczyn. Edukacyjnie. Nie zast\u0119puje konsultacji lekarskiej.\n      <\/div>\n    <\/div>\n  <\/div>\n<\/section>\n\n<script>\n(function () {\n  var calcBtn = document.getElementById('rx-crps-calc-btn');\n  var clearBtn = document.getElementById('rx-crps-clear-btn');\n\n  if (!calcBtn || !clearBtn) return;\n\n  calcBtn.addEventListener('click', function () {\n    var painMet = document.getElementById('rx-crps-pain-yes').checked;\n    var otherDx = document.getElementById('rx-crps-otherdx-yes').checked;\n\n    var symptomSensory = document.getElementById('rx-crps-symptom-sensory').checked;\n    var symptomVasomotor = document.getElementById('rx-crps-symptom-vasomotor').checked;\n    var symptomSudomotor = document.getElementById('rx-crps-symptom-sudomotor').checked;\n    var symptomMotor = document.getElementById('rx-crps-symptom-motor').checked;\n\n    var signSensory = document.getElementById('rx-crps-sign-sensory').checked;\n    var signVasomotor = document.getElementById('rx-crps-sign-vasomotor').checked;\n    var signSudomotor = document.getElementById('rx-crps-sign-sudomotor').checked;\n    var signMotor = document.getElementById('rx-crps-sign-motor').checked;\n\n    var symptomCount = (symptomSensory ? 1 : 0) + (symptomVasomotor ? 1 : 0) + (symptomSudomotor ? 1 : 0) + (symptomMotor ? 1 : 0);\n    var signCount = (signSensory ? 1 : 0) + (signVasomotor ? 1 : 0) + (signSudomotor ? 1 : 0) + (signMotor ? 1 : 0);\n\n    var symptomList = [];\n    if (symptomSensory) symptomList.push('sensoryczna');\n    if (symptomVasomotor) symptomList.push('naczynioruchowa');\n    if (symptomSudomotor) symptomList.push('sudomotoryczna\/obrz\u0119kowa');\n    if (symptomMotor) symptomList.push('ruchowa\/troficzna');\n\n    var signList = [];\n    if (signSensory) signList.push('sensoryczna');\n    if (signVasomotor) signList.push('naczynioruchowa');\n    if (signSudomotor) signList.push('sudomotoryczna\/obrz\u0119kowa');\n    if (signMotor) signList.push('ruchowa\/troficzna');\n\n    var result = document.getElementById('rx-crps-result');\n    var title = document.getElementById('rx-crps-result-title');\n    var text = document.getElementById('rx-crps-result-text');\n    var note = document.getElementById('rx-crps-result-note');\n\n    result.style.display = 'block';\n\n    if (!painMet) {\n      result.style.background = '#fef2f2';\n      result.style.border = '1px solid #fecaca';\n      title.style.color = '#991b1b';\n      title.innerHTML = 'Kryteria niespe\u0142nione';\n      text.innerHTML = 'Nie spe\u0142niono podstawowego warunku: brak utrzymuj\u0105cego si\u0119 b\u00f3lu nieproporcjonalnego do zdarzenia wywo\u0142uj\u0105cego.';\n      note.innerHTML = 'W kryteriach budapeszta\u0144skich b\u00f3l nieproporcjonalny jest warunkiem koniecznym.';\n      return;\n    }\n\n    if (otherDx) {\n      result.style.background = '#fef2f2';\n      result.style.border = '1px solid #fecaca';\n      title.style.color = '#991b1b';\n      title.innerHTML = 'Kryteria niespe\u0142nione';\n      text.innerHTML = 'Istnieje inne rozpoznanie, kt\u00f3re lepiej wyja\u015bnia obraz kliniczny.';\n      note.innerHTML = 'CRPS nie powinno by\u0107 rozpoznawane wed\u0142ug kryteri\u00f3w budapeszta\u0144skich, je\u015bli inna choroba lepiej t\u0142umaczy objawy i objawy przedmiotowe.';\n      return;\n    }\n\n    if (symptomCount >= 3 && signCount >= 2) {\n      result.style.background = '#f0fdf4';\n      result.style.border = '1px solid #bbf7d0';\n      title.style.color = '#166534';\n      title.innerHTML = 'Kryteria spe\u0142nione';\n      text.innerHTML = 'Spe\u0142niono kryteria budapeszta\u0144skie dla CRPS.';\n      note.innerHTML = 'Kategorie objaw\u00f3w: ' + symptomCount + '\/4 (' + symptomList.join(', ') + '). Kategorie objaw\u00f3w przedmiotowych: ' + signCount + '\/4 (' + signList.join(', ') + ').';\n    } else {\n      result.style.background = '#fffbeb';\n      result.style.border = '1px solid #fde68a';\n      title.style.color = '#92400e';\n      title.innerHTML = 'Kryteria niespe\u0142nione';\n      text.innerHTML = 'Nie osi\u0105gni\u0119to wymaganego uk\u0142adu kategorii dla kryteri\u00f3w budapeszta\u0144skich.';\n      note.innerHTML = 'Kategorie objaw\u00f3w: ' + symptomCount + '\/4' + (symptomList.length ? ' (' + symptomList.join(', ') + ')' : '') + '. Kategorie objaw\u00f3w przedmiotowych: ' + signCount + '\/4' + (signList.length ? ' (' + signList.join(', ') + ')' : '') + '. Potrzebne s\u0105 \u22653 kategorie objaw\u00f3w i \u22652 kategorie objaw\u00f3w przedmiotowych.';\n    }\n  });\n\n  clearBtn.addEventListener('click', function () {\n    document.getElementById('rx-crps-pain-no').checked = true;\n    document.getElementById('rx-crps-otherdx-no').checked = true;\n\n    [\n      'rx-crps-symptom-sensory',\n      'rx-crps-symptom-vasomotor',\n      'rx-crps-symptom-sudomotor',\n      'rx-crps-symptom-motor',\n      'rx-crps-sign-sensory',\n      'rx-crps-sign-vasomotor',\n      'rx-crps-sign-sudomotor',\n      'rx-crps-sign-motor'\n    ].forEach(function (id) {\n      document.getElementById(id).checked = false;\n    });\n\n    document.getElementById('rx-crps-result').style.display = 'block';\n    document.getElementById('rx-crps-result').style.background = '#f8fafc';\n    document.getElementById('rx-crps-result').style.border = '1px solid #e2e8f0';\n    document.getElementById('rx-crps-result-title').style.color = '#0f172a';\n    document.getElementById('rx-crps-result-title').innerHTML = 'Wynik pojawi si\u0119 tutaj';\n    document.getElementById('rx-crps-result-text').innerHTML = 'Zaznacz odpowiedzi, a nast\u0119pnie kliknij \u201eOblicz wynik\u201d.';\n    document.getElementById('rx-crps-result-note').innerHTML = 'Regu\u0142a: b\u00f3l nieproporcjonalny + \u22651 objaw w 3 z 4 kategorii + \u22651 objaw przedmiotowy w 2 z 4 kategoriach + brak lepszego rozpoznania alternatywnego.';\n  });\n})();\n<\/script>\n","protected":false},"excerpt":{"rendered":"<p>Kalkulator klasyfikacyjny Zesp\u00f3\u0142 wielomiejscowego b\u00f3lu miejscowego (CRPS) \u2014 kryteria budapeszta\u0144skie Kryteria budapeszta\u0144skie wymagaj\u0105: utrzymuj\u0105cego si\u0119 b\u00f3lu nieproporcjonalnego do zdarzenia wywo\u0142uj\u0105cego, co najmniej 1 objawu w 3 z 4 kategorii, co najmniej 1 objawu przedmiotowego w 2 z 4 kategorii oraz braku lepszego rozpoznania wyja\u015bniaj\u0105cego obraz kliniczny. 1. Warunki podstawowe Najpierw oce\u0144 b\u00f3l i diagnostyk\u0119 r\u00f3\u017cnicow\u0105&#8230;.<\/p>","protected":false},"author":1,"featured_media":0,"parent":980,"menu_order":0,"comment_status":"closed","ping_status":"closed","template":"","meta":{"_bbp_topic_count":0,"_bbp_reply_count":0,"_bbp_total_topic_count":0,"_bbp_total_reply_count":0,"_bbp_voice_count":0,"_bbp_anonymous_reply_count":0,"_bbp_topic_count_hidden":0,"_bbp_reply_count_hidden":0,"_bbp_forum_subforum_count":0,"_kadence_starter_templates_imported_post":false,"_kad_post_transparent":"","_kad_post_title":"","_kad_post_layout":"","_kad_post_sidebar_id":"","_kad_post_content_style":"","_kad_post_vertical_padding":"","_kad_post_feature":"","_kad_post_feature_position":"","_kad_post_header":false,"_kad_post_footer":false,"_kad_post_classname":"","footnotes":""},"class_list":["post-355","page","type-page","status-publish","hentry"],"_links":{"self":[{"href":"https:\/\/rheumanext.pl\/en\/wp-json\/wp\/v2\/pages\/355","targetHints":{"allow":["GET"]}}],"collection":[{"href":"https:\/\/rheumanext.pl\/en\/wp-json\/wp\/v2\/pages"}],"about":[{"href":"https:\/\/rheumanext.pl\/en\/wp-json\/wp\/v2\/types\/page"}],"author":[{"embeddable":true,"href":"https:\/\/rheumanext.pl\/en\/wp-json\/wp\/v2\/users\/1"}],"replies":[{"embeddable":true,"href":"https:\/\/rheumanext.pl\/en\/wp-json\/wp\/v2\/comments?post=355"}],"version-history":[{"count":4,"href":"https:\/\/rheumanext.pl\/en\/wp-json\/wp\/v2\/pages\/355\/revisions"}],"predecessor-version":[{"id":1149,"href":"https:\/\/rheumanext.pl\/en\/wp-json\/wp\/v2\/pages\/355\/revisions\/1149"}],"up":[{"embeddable":true,"href":"https:\/\/rheumanext.pl\/en\/wp-json\/wp\/v2\/pages\/980"}],"wp:attachment":[{"href":"https:\/\/rheumanext.pl\/en\/wp-json\/wp\/v2\/media?parent=355"}],"curies":[{"name":"wp","href":"https:\/\/api.w.org\/{rel}","templated":true}]}}