{"id":422,"date":"2025-03-15T20:21:32","date_gmt":"2025-03-15T20:21:32","guid":{"rendered":"https:\/\/rheumanext.pl\/?page_id=422"},"modified":"2026-03-14T23:43:06","modified_gmt":"2026-03-14T23:43:06","slug":"leflunomid","status":"publish","type":"page","link":"https:\/\/rheumanext.pl\/en\/leflunomid\/","title":{"rendered":"Leflunomid"},"content":{"rendered":"<section id=\"rx-lef-monitoring-calculator\" style=\"max-width:960px;margin:0 auto;font:16px\/1.55 Inter,ui-sans-serif,system-ui,-apple-system,BlinkMacSystemFont,'Segoe UI',sans-serif;color:#0f172a;\">\n  <div style=\"background:linear-gradient(180deg,#ffffff 0%,#fbfdff 100%);border:1px solid #e2e8f0;border-radius:24px;box-shadow:0 12px 30px rgba(15,23,42,.06);overflow:hidden;\">\n    <div style=\"padding:28px 28px 20px;border-bottom:1px solid #e2e8f0;background:radial-gradient(circle at top right, rgba(15,118,110,.08), transparent 32%), linear-gradient(180deg,#ffffff 0%,#f8fafc 100%);\">\n      <div style=\"display:inline-block;padding:6px 12px;border-radius:999px;background:rgba(15,118,110,.10);color:#0f766e;font-size:12px;font-weight:700;letter-spacing:.02em;text-transform:uppercase;margin-bottom:14px;\">Treatment Monitoring<\/div>\n      <h2 style=\"margin:0 0 10px;font-size:clamp(24px,3vw,32px);line-height:1.15;letter-spacing:-.02em;\">Leflunomid \u2014 kwalifikator bezpiecze\u0144stwa monitorowania<\/h2>\n      <p style=\"margin:0;color:#475569;max-width:76ch;\">Interaktywny modu\u0142 do oceny bezpiecze\u0144stwa kontynuacji leczenia leflunomidem w reumatologii. Uwzgl\u0119dnia etap terapii, wyniki bada\u0144, ci\u015bnienie t\u0119tnicze oraz czerwone flagi kliniczne.<\/p>\n    <\/div>\n\n    <div style=\"padding:28px;display:grid;gap:20px;\">\n\n      <div style=\"background:#fff;border:1px solid #e2e8f0;border-radius:20px;padding:20px;\">\n        <h3 style=\"margin:0 0 6px;font-size:18px;\">1. Etap leczenia<\/h3>\n        <p style=\"margin:0 0 16px;color:#475569;font-size:14px;\">Wybierz aktualny etap terapii, aby por\u00f3wna\u0107 cz\u0119sto\u015b\u0107 kontroli z typowym harmonogramem.<\/p>\n\n        <div style=\"display:grid;gap:12px;\">\n          <label style=\"display:flex;align-items:flex-start;gap:10px;padding:14px;border:1px solid #e2e8f0;border-radius:16px;background:#fff;cursor:pointer;\">\n            <input type=\"radio\" name=\"rx-lef-phase\" id=\"rx-lef-phase-start\" value=\"start\" checked style=\"margin-top:3px;accent-color:#0f766e;\">\n            <span><strong>Po rozpocz\u0119ciu leczenia \/ po zmianie dawki<\/strong><br><span style=\"color:#475569;font-size:13px;\">Typowo badania co 2 tygodnie do stabilnej dawki przez 6 tygodni, potem co miesi\u0105c przez 3 miesi\u0105ce<\/span><\/span>\n          <\/label>\n\n          <label style=\"display:flex;align-items:flex-start;gap:10px;padding:14px;border:1px solid #e2e8f0;border-radius:16px;background:#fff;cursor:pointer;\">\n            <input type=\"radio\" name=\"rx-lef-phase\" id=\"rx-lef-phase-stable\" value=\"stable\" style=\"margin-top:3px;accent-color:#0f766e;\">\n            <span><strong>Leczenie stabilne<\/strong><br><span style=\"color:#475569;font-size:13px;\">Typowo badania co 2\u20133 miesi\u0105ce<\/span><\/span>\n          <\/label>\n\n          <label style=\"display:flex;align-items:flex-start;gap:10px;padding:14px;border:1px solid #e2e8f0;border-radius:16px;background:#fff;cursor:pointer;\">\n            <input type=\"radio\" name=\"rx-lef-phase\" id=\"rx-lef-phase-mtx\" value=\"mtx\" style=\"margin-top:3px;accent-color:#0f766e;\">\n            <span><strong>Leflunomid + metotreksat<\/strong><br><span style=\"color:#475569;font-size:13px;\">Typowo miesi\u0119czny monitoring do stabilizacji przez 12 miesi\u0119cy<\/span><\/span>\n          <\/label>\n        <\/div>\n\n        <div style=\"margin-top:16px;\">\n          <label for=\"rx-lef-lastlabs\" style=\"display:block;margin:0 0 8px;font-weight:700;\">Ile dni min\u0119\u0142o od ostatnich bada\u0144?<\/label>\n          <input id=\"rx-lef-lastlabs\" type=\"number\" min=\"0\" max=\"365\" step=\"1\" value=\"14\" style=\"width:100%;box-sizing:border-box;padding:14px 16px;border:1px solid #cbd5e1;border-radius:14px;font:inherit;\">\n        <\/div>\n      <\/div>\n\n      <div style=\"background:#fff;border:1px solid #e2e8f0;border-radius:20px;padding:20px;\">\n        <h3 style=\"margin:0 0 6px;font-size:18px;\">2. Wyniki bada\u0144<\/h3>\n        <p style=\"margin:0 0 16px;color:#475569;font-size:14px;\">Wpisz najbardziej aktualne wyniki.<\/p>\n\n        <div style=\"display:grid;grid-template-columns:repeat(2,minmax(0,1fr));gap:12px;\">\n          <div>\n            <label for=\"rx-lef-wbc\" style=\"display:block;margin:0 0 8px;font-weight:700;\">WBC (\u00d710\u2079\/L)<\/label>\n            <input id=\"rx-lef-wbc\" type=\"number\" min=\"0\" max=\"50\" step=\"0.1\" value=\"5.0\" style=\"width:100%;box-sizing:border-box;padding:14px 16px;border:1px solid #cbd5e1;border-radius:14px;font:inherit;\">\n          <\/div>\n\n          <div>\n            <label for=\"rx-lef-neut\" style=\"display:block;margin:0 0 8px;font-weight:700;\">Neutrofile (\u00d710\u2079\/L)<\/label>\n            <input id=\"rx-lef-neut\" type=\"number\" min=\"0\" max=\"30\" step=\"0.1\" value=\"2.5\" style=\"width:100%;box-sizing:border-box;padding:14px 16px;border:1px solid #cbd5e1;border-radius:14px;font:inherit;\">\n          <\/div>\n\n          <div>\n            <label for=\"rx-lef-eos\" style=\"display:block;margin:0 0 8px;font-weight:700;\">Eozynofile (\u00d710\u2079\/L)<\/label>\n            <input id=\"rx-lef-eos\" type=\"number\" min=\"0\" max=\"10\" step=\"0.1\" value=\"0.1\" style=\"width:100%;box-sizing:border-box;padding:14px 16px;border:1px solid #cbd5e1;border-radius:14px;font:inherit;\">\n          <\/div>\n\n          <div>\n            <label for=\"rx-lef-plt\" style=\"display:block;margin:0 0 8px;font-weight:700;\">P\u0142ytki (\u00d710\u2079\/L)<\/label>\n            <input id=\"rx-lef-plt\" type=\"number\" min=\"0\" max=\"1000\" step=\"1\" value=\"220\" style=\"width:100%;box-sizing:border-box;padding:14px 16px;border:1px solid #cbd5e1;border-radius:14px;font:inherit;\">\n          <\/div>\n\n          <div>\n            <label for=\"rx-lef-alb\" style=\"display:block;margin:0 0 8px;font-weight:700;\">Albumina (g\/L)<\/label>\n            <input id=\"rx-lef-alb\" type=\"number\" min=\"0\" max=\"60\" step=\"1\" value=\"40\" style=\"width:100%;box-sizing:border-box;padding:14px 16px;border:1px solid #cbd5e1;border-radius:14px;font:inherit;\">\n          <\/div>\n\n          <div>\n            <label for=\"rx-lef-mcv\" style=\"display:block;margin:0 0 8px;font-weight:700;\">MCV (fL)<\/label>\n            <input id=\"rx-lef-mcv\" type=\"number\" min=\"50\" max=\"140\" step=\"1\" value=\"92\" style=\"width:100%;box-sizing:border-box;padding:14px 16px;border:1px solid #cbd5e1;border-radius:14px;font:inherit;\">\n          <\/div>\n\n          <div>\n            <label for=\"rx-lef-altast\" style=\"display:block;margin:0 0 8px;font-weight:700;\">ALT \/ AST \u2014 wy\u017csza warto\u015b\u0107 (U\/L)<\/label>\n            <input id=\"rx-lef-altast\" type=\"number\" min=\"0\" max=\"1000\" step=\"1\" value=\"24\" style=\"width:100%;box-sizing:border-box;padding:14px 16px;border:1px solid #cbd5e1;border-radius:14px;font:inherit;\">\n          <\/div>\n\n          <div>\n            <label for=\"rx-lef-egfr\" style=\"display:block;margin:0 0 8px;font-weight:700;\">eGFR (ml\/min\/1,73 m\u00b2)<\/label>\n            <input id=\"rx-lef-egfr\" type=\"number\" min=\"0\" max=\"150\" step=\"1\" value=\"90\" style=\"width:100%;box-sizing:border-box;padding:14px 16px;border:1px solid #cbd5e1;border-radius:14px;font:inherit;\">\n          <\/div>\n\n          <div>\n            <label for=\"rx-lef-sbp\" style=\"display:block;margin:0 0 8px;font-weight:700;\">Ci\u015bnienie skurczowe (mmHg)<\/label>\n            <input id=\"rx-lef-sbp\" type=\"number\" min=\"50\" max=\"250\" step=\"1\" value=\"125\" style=\"width:100%;box-sizing:border-box;padding:14px 16px;border:1px solid #cbd5e1;border-radius:14px;font:inherit;\">\n          <\/div>\n\n          <div>\n            <label for=\"rx-lef-dbp\" style=\"display:block;margin:0 0 8px;font-weight:700;\">Ci\u015bnienie rozkurczowe (mmHg)<\/label>\n            <input id=\"rx-lef-dbp\" type=\"number\" min=\"30\" max=\"150\" step=\"1\" value=\"78\" style=\"width:100%;box-sizing:border-box;padding:14px 16px;border:1px solid #cbd5e1;border-radius:14px;font:inherit;\">\n          <\/div>\n        <\/div>\n      <\/div>\n\n      <div style=\"background:#fff;border:1px solid #e2e8f0;border-radius:20px;padding:20px;\">\n        <h3 style=\"margin:0 0 6px;font-size:18px;\">3. Czerwone flagi kliniczne<\/h3>\n        <p style=\"margin:0 0 16px;color:#475569;font-size:14px;\">Zaznacz obecne objawy lub sytuacje kliniczne.<\/p>\n\n        <div style=\"display:grid;grid-template-columns:repeat(2,minmax(0,1fr));gap:12px;\">\n          <label style=\"display:flex;align-items:flex-start;gap:10px;padding:14px;border:1px solid #e2e8f0;border-radius:16px;background:#fff;cursor:pointer;\">\n            <input type=\"checkbox\" id=\"rx-lef-infection\" style=\"margin-top:3px;accent-color:#0f766e;\">\n            <span><strong>Aktywna infekcja \/ gor\u0105czka<\/strong><\/span>\n          <\/label>\n\n          <label style=\"display:flex;align-items:flex-start;gap:10px;padding:14px;border:1px solid #e2e8f0;border-radius:16px;background:#fff;cursor:pointer;\">\n            <input type=\"checkbox\" id=\"rx-lef-bruising\" style=\"margin-top:3px;accent-color:#0f766e;\">\n            <span><strong>\u0141atwe siniaczenie \/ krwawienia<\/strong><\/span>\n          <\/label>\n\n          <label style=\"display:flex;align-items:flex-start;gap:10px;padding:14px;border:1px solid #e2e8f0;border-radius:16px;background:#fff;cursor:pointer;\">\n            <input type=\"checkbox\" id=\"rx-lef-mouth\" style=\"margin-top:3px;accent-color:#0f766e;\">\n            <span><strong>Owrzodzenia jamy ustnej \/ b\u00f3l gard\u0142a<\/strong><\/span>\n          <\/label>\n\n          <label style=\"display:flex;align-items:flex-start;gap:10px;padding:14px;border:1px solid #e2e8f0;border-radius:16px;background:#fff;cursor:pointer;\">\n            <input type=\"checkbox\" id=\"rx-lef-rash\" style=\"margin-top:3px;accent-color:#0f766e;\">\n            <span><strong>Nowa wysypka \/ ci\u0119\u017cka reakcja sk\u00f3rna<\/strong><\/span>\n          <\/label>\n\n          <label style=\"display:flex;align-items:flex-start;gap:10px;padding:14px;border:1px solid #e2e8f0;border-radius:16px;background:#fff;cursor:pointer;\">\n            <input type=\"checkbox\" id=\"rx-lef-gi\" style=\"margin-top:3px;accent-color:#0f766e;\">\n            <span><strong>Uporczywa biegunka \/ nudno\u015bci \/ wymioty<\/strong><\/span>\n          <\/label>\n\n          <label style=\"display:flex;align-items:flex-start;gap:10px;padding:14px;border:1px solid #e2e8f0;border-radius:16px;background:#fff;cursor:pointer;\">\n            <input type=\"checkbox\" id=\"rx-lef-breath\" style=\"margin-top:3px;accent-color:#0f766e;\">\n            <span><strong>Duszno\u015b\u0107 \/ nowy kaszel<\/strong><\/span>\n          <\/label>\n\n          <label style=\"display:flex;align-items:flex-start;gap:10px;padding:14px;border:1px solid #e2e8f0;border-radius:16px;background:#fff;cursor:pointer;\">\n            <input type=\"checkbox\" id=\"rx-lef-neuro\" style=\"margin-top:3px;accent-color:#0f766e;\">\n            <span><strong>Dr\u0119twienie \/ neuropatia<\/strong><\/span>\n          <\/label>\n\n          <label style=\"display:flex;align-items:flex-start;gap:10px;padding:14px;border:1px solid #e2e8f0;border-radius:16px;background:#fff;cursor:pointer;\">\n            <input type=\"checkbox\" id=\"rx-lef-pregnancy\" style=\"margin-top:3px;accent-color:#0f766e;\">\n            <span><strong>Ci\u0105\u017ca \/ planowanie ci\u0105\u017cy<\/strong><\/span>\n          <\/label>\n        <\/div>\n      <\/div>\n\n      <div style=\"display:flex;flex-wrap:wrap;gap:12px;margin-top:2px;\">\n        <button\n          type=\"button\"\n          id=\"rx-lef-calc-btn\"\n          style=\"appearance:none;border:0;border-radius:16px;padding:14px 18px;background:linear-gradient(180deg,#0f766e 0%,#115e59 100%);color:#fff;font:inherit;font-weight:700;cursor:pointer;box-shadow:0 12px 24px rgba(15,118,110,.22);display:inline-flex;align-items:center;justify-content:center;min-width:180px;\"\n        >Oblicz wynik<\/button>\n\n        <button\n          type=\"button\"\n          id=\"rx-lef-clear-btn\"\n          style=\"appearance:none;border:1px solid #cbd5e1;border-radius:16px;padding:14px 18px;background:#fff;color:#0f172a;font:inherit;font-weight:700;cursor:pointer;display:inline-flex;align-items:center;justify-content:center;\"\n        >Wyczy\u015b\u0107<\/button>\n      <\/div>\n\n      <div id=\"rx-lef-result\" style=\"display:block;border-radius:20px;padding:20px;border:1px solid #e2e8f0;background:#f8fafc;\">\n        <p id=\"rx-lef-result-title\" style=\"margin:0 0 8px;font-size:18px;line-height:1.3;font-weight:800;color:#0f172a;\">Wynik pojawi si\u0119 tutaj<\/p>\n        <p id=\"rx-lef-result-text\" style=\"margin:0 0 8px;\">Uzupe\u0142nij etap leczenia, wyniki i czerwone flagi, a nast\u0119pnie kliknij \u201eOblicz wynik\u201d.<\/p>\n        <p id=\"rx-lef-result-note\" style=\"margin:0;color:#475569;font-size:14px;\">Modu\u0142 bezpiecze\u0144stwa monitorowania leflunomidu: pokazuje brak oczywistych czerwonych flag, potrzeb\u0119 weryfikacji lub piln\u0105 flag\u0119 bezpiecze\u0144stwa.<\/p>\n      <\/div>\n\n      <div style=\"border:1px solid #e2e8f0;background:linear-gradient(180deg,#ffffff 0%,#f8fafc 100%);border-radius:18px;padding:16px 18px;color:#475569;font-size:14px;\">\n        <strong style=\"color:#0f172a;\">Uwaga:<\/strong> to narz\u0119dzie wspiera monitorowanie bezpiecze\u0144stwa leczenia leflunomidem i nie zast\u0119puje decyzji klinicznej. Szczeg\u00f3lnie wa\u017cne s\u0105 morfologia, w\u0105troba, ci\u015bnienie t\u0119tnicze oraz wykluczenie ci\u0105\u017cy.\n      <\/div>\n    <\/div>\n  <\/div>\n<\/section>\n\n<script>\n(function () {\n  var calcBtn = document.getElementById('rx-lef-calc-btn');\n  var clearBtn = document.getElementById('rx-lef-clear-btn');\n\n  if (!calcBtn || !clearBtn) return;\n\n  function readValue(id, min, max, fallback) {\n    var v = parseFloat(document.getElementById(id).value);\n    if (isNaN(v)) v = fallback;\n    if (v < min) v = min;\n    if (v > max) v = max;\n    return v;\n  }\n\n  function expectedDays() {\n    if (document.getElementById('rx-lef-phase-start').checked) return 31;\n    if (document.getElementById('rx-lef-phase-mtx').checked) return 31;\n    return 92;\n  }\n\n  calcBtn.addEventListener('click', function () {\n    var wbc = readValue('rx-lef-wbc', 0, 50, 0);\n    var neut = readValue('rx-lef-neut', 0, 30, 0);\n    var eos = readValue('rx-lef-eos', 0, 10, 0);\n    var plt = readValue('rx-lef-plt', 0, 1000, 0);\n    var alb = readValue('rx-lef-alb', 0, 60, 0);\n    var mcv = readValue('rx-lef-mcv', 50, 140, 0);\n    var altast = readValue('rx-lef-altast', 0, 1000, 0);\n    var egfr = readValue('rx-lef-egfr', 0, 150, 0);\n    var sbp = readValue('rx-lef-sbp', 50, 250, 0);\n    var dbp = readValue('rx-lef-dbp', 30, 150, 0);\n    var lastLabs = readValue('rx-lef-lastlabs', 0, 365, 0);\n\n    var infection = document.getElementById('rx-lef-infection').checked;\n    var bruising = document.getElementById('rx-lef-bruising').checked;\n    var mouth = document.getElementById('rx-lef-mouth').checked;\n    var rash = document.getElementById('rx-lef-rash').checked;\n    var gi = document.getElementById('rx-lef-gi').checked;\n    var breath = document.getElementById('rx-lef-breath').checked;\n    var neuro = document.getElementById('rx-lef-neuro').checked;\n    var pregnancy = document.getElementById('rx-lef-pregnancy').checked;\n\n    var redFlags = [];\n    var yellowFlags = [];\n\n    if (wbc < 3.5) redFlags.push('WBC < 3,5 \u00d710\u2079\/L');\n    if (neut < 1.6) redFlags.push('neutrofile < 1,6 \u00d710\u2079\/L');\n    if (eos > 0.5) redFlags.push('eozynofile > 0,5 \u00d710\u2079\/L');\n    if (plt < 140) redFlags.push('p\u0142ytki < 140 \u00d710\u2079\/L');\n    if (alb < 30) redFlags.push('albumina < 30 g\/L');\n    if (mcv > 105) redFlags.push('MCV > 105 fL');\n    if (altast > 100) redFlags.push('ALT\/AST > 100 U\/L');\n    if (sbp >= 140 || dbp >= 90) redFlags.push('nadci\u015bnienie \u2265140\/90 mmHg');\n    if (infection) redFlags.push('aktywna infekcja \/ gor\u0105czka');\n    if (pregnancy) redFlags.push('ci\u0105\u017ca \/ planowanie ci\u0105\u017cy');\n\n    if (mouth) yellowFlags.push('owrzodzenia jamy ustnej \/ b\u00f3l gard\u0142a');\n    if (rash) yellowFlags.push('nowa wysypka \/ reakcja sk\u00f3rna');\n    if (gi) yellowFlags.push('uporczywa biegunka \/ nudno\u015bci \/ wymioty');\n    if (breath) yellowFlags.push('duszno\u015b\u0107 \/ nowy kaszel');\n    if (neuro) yellowFlags.push('dr\u0119twienie \/ neuropatia');\n    if (egfr < 60) yellowFlags.push('eGFR < 60 ml\/min\/1,73 m\u00b2');\n    if (lastLabs > expectedDays()) yellowFlags.push('badania wykonano p\u00f3\u017aniej ni\u017c typowy interwa\u0142 dla tego etapu leczenia');\n\n    var result = document.getElementById('rx-lef-result');\n    var title = document.getElementById('rx-lef-result-title');\n    var text = document.getElementById('rx-lef-result-text');\n    var note = document.getElementById('rx-lef-result-note');\n\n    result.style.display = 'block';\n\n    if (redFlags.length > 0) {\n      result.style.background = '#fef2f2';\n      result.style.border = '1px solid #fecaca';\n      title.style.color = '#991b1b';\n      title.innerHTML = 'Czerwona flaga bezpiecze\u0144stwa';\n      text.innerHTML = 'Ten modu\u0142 wykry\u0142 istotne nieprawid\u0142owo\u015bci wymagaj\u0105ce pilnej weryfikacji i zwykle odroczenia \/ wstrzymania dalszej decyzji do kontaktu z lekarzem prowadz\u0105cym.';\n      note.innerHTML = 'Wykryte problemy: ' + redFlags.join('; ') + (yellowFlags.length ? '. Dodatkowo: ' + yellowFlags.join('; ') : '') + '.';\n    } else if (yellowFlags.length > 0) {\n      result.style.background = '#fffbeb';\n      result.style.border = '1px solid #fde68a';\n      title.style.color = '#92400e';\n      title.innerHTML = 'Wymaga weryfikacji';\n      text.innerHTML = 'Brak oczywistych czerwonych flag w podanych progach, ale s\u0105 elementy wymagaj\u0105ce kontroli klinicznej lub organizacyjnej przed dalszym planem leczenia.';\n      note.innerHTML = 'Do weryfikacji: ' + yellowFlags.join('; ') + '.';\n    } else {\n      result.style.background = '#f0fdf4';\n      result.style.border = '1px solid #bbf7d0';\n      title.style.color = '#166534';\n      title.innerHTML = 'Brak oczywistych czerwonych flag w tym module';\n      text.innerHTML = 'W podanych danych nie wykryto prog\u00f3w alarmowych u\u017cytych w tym kwalifikatorze.';\n      note.innerHTML = 'Pami\u0119taj o regularnej kontroli morfologii, w\u0105troby i ci\u015bnienia t\u0119tniczego oraz o ocenie trend\u00f3w wynik\u00f3w, nie tylko warto\u015bci pojedynczych.';\n    }\n  });\n\n  clearBtn.addEventListener('click', function () {\n    document.getElementById('rx-lef-phase-start').checked = true;\n    document.getElementById('rx-lef-lastlabs').value = 14;\n    document.getElementById('rx-lef-wbc').value = 5.0;\n    document.getElementById('rx-lef-neut').value = 2.5;\n    document.getElementById('rx-lef-eos').value = 0.1;\n    document.getElementById('rx-lef-plt').value = 220;\n    document.getElementById('rx-lef-alb').value = 40;\n    document.getElementById('rx-lef-mcv').value = 92;\n    document.getElementById('rx-lef-altast').value = 24;\n    document.getElementById('rx-lef-egfr').value = 90;\n    document.getElementById('rx-lef-sbp').value = 125;\n    document.getElementById('rx-lef-dbp').value = 78;\n    document.getElementById('rx-lef-infection').checked = false;\n    document.getElementById('rx-lef-bruising').checked = false;\n    document.getElementById('rx-lef-mouth').checked = false;\n    document.getElementById('rx-lef-rash').checked = false;\n    document.getElementById('rx-lef-gi').checked = false;\n    document.getElementById('rx-lef-breath').checked = false;\n    document.getElementById('rx-lef-neuro').checked = false;\n    document.getElementById('rx-lef-pregnancy').checked = false;\n\n    document.getElementById('rx-lef-result').style.display = 'block';\n    document.getElementById('rx-lef-result').style.background = '#f8fafc';\n    document.getElementById('rx-lef-result').style.border = '1px solid #e2e8f0';\n    document.getElementById('rx-lef-result-title').style.color = '#0f172a';\n    document.getElementById('rx-lef-result-title').innerHTML = 'Wynik pojawi si\u0119 tutaj';\n    document.getElementById('rx-lef-result-text').innerHTML = 'Uzupe\u0142nij etap leczenia, wyniki i czerwone flagi, a nast\u0119pnie kliknij \u201eOblicz wynik\u201d.';\n    document.getElementById('rx-lef-result-note').innerHTML = 'Modu\u0142 bezpiecze\u0144stwa monitorowania leflunomidu: pokazuje brak oczywistych czerwonych flag, potrzeb\u0119 weryfikacji lub piln\u0105 flag\u0119 bezpiecze\u0144stwa.';\n  });\n})();\n<\/script>","protected":false},"excerpt":{"rendered":"<p>Monitorowanie leczenia Leflunomid \u2014 kwalifikator bezpiecze\u0144stwa monitorowania Interaktywny modu\u0142 do oceny bezpiecze\u0144stwa kontynuacji leczenia leflunomidem w reumatologii. Uwzgl\u0119dnia etap terapii, wyniki bada\u0144, ci\u015bnienie t\u0119tnicze oraz czerwone flagi kliniczne. 1. Etap leczenia Wybierz aktualny etap terapii, aby por\u00f3wna\u0107 cz\u0119sto\u015b\u0107 kontroli z typowym harmonogramem. Po rozpocz\u0119ciu leczenia \/ po zmianie dawkiTypowo badania co 2 tygodnie do stabilnej&#8230;<\/p>","protected":false},"author":1,"featured_media":0,"parent":0,"menu_order":0,"comment_status":"closed","ping_status":"closed","template":"","meta":{"_bbp_topic_count":0,"_bbp_reply_count":0,"_bbp_total_topic_count":0,"_bbp_total_reply_count":0,"_bbp_voice_count":0,"_bbp_anonymous_reply_count":0,"_bbp_topic_count_hidden":0,"_bbp_reply_count_hidden":0,"_bbp_forum_subforum_count":0,"_kadence_starter_templates_imported_post":false,"_kad_post_transparent":"","_kad_post_title":"","_kad_post_layout":"","_kad_post_sidebar_id":"","_kad_post_content_style":"","_kad_post_vertical_padding":"","_kad_post_feature":"","_kad_post_feature_position":"","_kad_post_header":false,"_kad_post_footer":false,"_kad_post_classname":"","footnotes":""},"class_list":["post-422","page","type-page","status-publish","hentry"],"_links":{"self":[{"href":"https:\/\/rheumanext.pl\/en\/wp-json\/wp\/v2\/pages\/422","targetHints":{"allow":["GET"]}}],"collection":[{"href":"https:\/\/rheumanext.pl\/en\/wp-json\/wp\/v2\/pages"}],"about":[{"href":"https:\/\/rheumanext.pl\/en\/wp-json\/wp\/v2\/types\/page"}],"author":[{"embeddable":true,"href":"https:\/\/rheumanext.pl\/en\/wp-json\/wp\/v2\/users\/1"}],"replies":[{"embeddable":true,"href":"https:\/\/rheumanext.pl\/en\/wp-json\/wp\/v2\/comments?post=422"}],"version-history":[{"count":3,"href":"https:\/\/rheumanext.pl\/en\/wp-json\/wp\/v2\/pages\/422\/revisions"}],"predecessor-version":[{"id":1208,"href":"https:\/\/rheumanext.pl\/en\/wp-json\/wp\/v2\/pages\/422\/revisions\/1208"}],"wp:attachment":[{"href":"https:\/\/rheumanext.pl\/en\/wp-json\/wp\/v2\/media?parent=422"}],"curies":[{"name":"wp","href":"https:\/\/api.w.org\/{rel}","templated":true}]}}