{"id":432,"date":"2025-03-15T20:25:29","date_gmt":"2025-03-15T20:25:29","guid":{"rendered":"https:\/\/rheumanext.pl\/?page_id=432"},"modified":"2026-03-14T23:32:11","modified_gmt":"2026-03-14T23:32:11","slug":"cyklofosfamid-cp","status":"publish","type":"page","link":"https:\/\/rheumanext.pl\/en\/cyklofosfamid-cp\/","title":{"rendered":"Cyklofosfamid (CP)"},"content":{"rendered":"<section id=\"rx-cyc-monitoring-calculator\" style=\"max-width:960px;margin:0 auto;font:16px\/1.55 Inter,ui-sans-serif,system-ui,-apple-system,BlinkMacSystemFont,'Segoe UI',sans-serif;color:#0f172a;\">\n  <div style=\"background:linear-gradient(180deg,#ffffff 0%,#fbfdff 100%);border:1px solid #e2e8f0;border-radius:24px;box-shadow:0 12px 30px rgba(15,23,42,.06);overflow:hidden;\">\n    <div style=\"padding:28px 28px 20px;border-bottom:1px solid #e2e8f0;background:radial-gradient(circle at top right, rgba(15,118,110,.08), transparent 32%), linear-gradient(180deg,#ffffff 0%,#f8fafc 100%);\">\n      <div style=\"display:inline-block;padding:6px 12px;border-radius:999px;background:rgba(15,118,110,.10);color:#0f766e;font-size:12px;font-weight:700;letter-spacing:.02em;text-transform:uppercase;margin-bottom:14px;\">Treatment Monitoring<\/div>\n      <h2 style=\"margin:0 0 10px;font-size:clamp(24px,3vw,32px);line-height:1.15;letter-spacing:-.02em;\">Cyklofosfamid \u2014 kwalifikator bezpiecze\u0144stwa monitorowania<\/h2>\n      <p style=\"margin:0;color:#475569;max-width:76ch;\">Interaktywny modu\u0142 do oceny bezpiecze\u0144stwa kontynuacji leczenia cyklofosfamidem w reumatologii. Uwzgl\u0119dnia tryb terapii, aktualne wyniki bada\u0144 i czerwone flagi kliniczne.<\/p>\n    <\/div>\n\n    <div style=\"padding:28px;display:grid;gap:20px;\">\n\n      <div style=\"background:#fff;border:1px solid #e2e8f0;border-radius:20px;padding:20px;\">\n        <h3 style=\"margin:0 0 6px;font-size:18px;\">1. Tryb terapii i aktualno\u015b\u0107 kontroli<\/h3>\n        <p style=\"margin:0 0 16px;color:#475569;font-size:14px;\">Wybierz schemat leczenia i podaj, ile dni min\u0119\u0142o od ostatnich bada\u0144.<\/p>\n\n        <div style=\"display:grid;gap:12px;\">\n          <label style=\"display:flex;align-items:flex-start;gap:10px;padding:14px;border:1px solid #e2e8f0;border-radius:16px;background:#fff;cursor:pointer;\">\n            <input type=\"radio\" name=\"rx-cyc-mode\" id=\"rx-cyc-mode-oral\" value=\"oral\" checked style=\"margin-top:3px;accent-color:#0f766e;\">\n            <span><strong>Terapia doustna ci\u0105g\u0142a<\/strong><br><span style=\"color:#475569;font-size:13px;\">W praktyce wymaga regularnej kontroli morfologii, nerek, w\u0105troby i moczu<\/span><\/span>\n          <\/label>\n\n          <label style=\"display:flex;align-items:flex-start;gap:10px;padding:14px;border:1px solid #e2e8f0;border-radius:16px;background:#fff;cursor:pointer;\">\n            <input type=\"radio\" name=\"rx-cyc-mode\" id=\"rx-cyc-mode-iv\" value=\"iv\" style=\"margin-top:3px;accent-color:#0f766e;\">\n            <span><strong>Puls do\u017cylny \/ kolejny cykl<\/strong><br><span style=\"color:#475569;font-size:13px;\">Przed kolejn\u0105 dawk\u0105 oce\u0144 morfologi\u0119, nerki, mocz i objawy infekcji \/ toksyczno\u015bci p\u0119cherza<\/span><\/span>\n          <\/label>\n        <\/div>\n\n        <div style=\"margin-top:16px;\">\n          <label for=\"rx-cyc-lastlabs\" style=\"display:block;margin:0 0 8px;font-weight:700;\">Ile dni min\u0119\u0142o od ostatnich bada\u0144?<\/label>\n          <input id=\"rx-cyc-lastlabs\" type=\"number\" min=\"0\" max=\"365\" step=\"1\" value=\"7\" style=\"width:100%;box-sizing:border-box;padding:14px 16px;border:1px solid #cbd5e1;border-radius:14px;font:inherit;\">\n        <\/div>\n      <\/div>\n\n      <div style=\"background:#fff;border:1px solid #e2e8f0;border-radius:20px;padding:20px;\">\n        <h3 style=\"margin:0 0 6px;font-size:18px;\">2. Wyniki bada\u0144<\/h3>\n        <p style=\"margin:0 0 16px;color:#475569;font-size:14px;\">Wpisz najbardziej aktualne wyniki.<\/p>\n\n        <div style=\"display:grid;grid-template-columns:repeat(2,minmax(0,1fr));gap:12px;\">\n          <div>\n            <label for=\"rx-cyc-wbc\" style=\"display:block;margin:0 0 8px;font-weight:700;\">WBC (\u00d710\u2079\/L)<\/label>\n            <input id=\"rx-cyc-wbc\" type=\"number\" min=\"0\" max=\"50\" step=\"0.1\" value=\"5.0\" style=\"width:100%;box-sizing:border-box;padding:14px 16px;border:1px solid #cbd5e1;border-radius:14px;font:inherit;\">\n          <\/div>\n\n          <div>\n            <label for=\"rx-cyc-neut\" style=\"display:block;margin:0 0 8px;font-weight:700;\">Neutrofile (\u00d710\u2079\/L)<\/label>\n            <input id=\"rx-cyc-neut\" type=\"number\" min=\"0\" max=\"30\" step=\"0.1\" value=\"2.5\" style=\"width:100%;box-sizing:border-box;padding:14px 16px;border:1px solid #cbd5e1;border-radius:14px;font:inherit;\">\n          <\/div>\n\n          <div>\n            <label for=\"rx-cyc-plt\" style=\"display:block;margin:0 0 8px;font-weight:700;\">P\u0142ytki (\u00d710\u2079\/L)<\/label>\n            <input id=\"rx-cyc-plt\" type=\"number\" min=\"0\" max=\"1000\" step=\"1\" value=\"220\" style=\"width:100%;box-sizing:border-box;padding:14px 16px;border:1px solid #cbd5e1;border-radius:14px;font:inherit;\">\n          <\/div>\n\n          <div>\n            <label for=\"rx-cyc-altast\" style=\"display:block;margin:0 0 8px;font-weight:700;\">ALT \/ AST \u2014 wy\u017csza warto\u015b\u0107 (U\/L)<\/label>\n            <input id=\"rx-cyc-altast\" type=\"number\" min=\"0\" max=\"1000\" step=\"1\" value=\"24\" style=\"width:100%;box-sizing:border-box;padding:14px 16px;border:1px solid #cbd5e1;border-radius:14px;font:inherit;\">\n          <\/div>\n\n          <div>\n            <label for=\"rx-cyc-egfr\" style=\"display:block;margin:0 0 8px;font-weight:700;\">eGFR (ml\/min\/1,73 m\u00b2)<\/label>\n            <input id=\"rx-cyc-egfr\" type=\"number\" min=\"0\" max=\"150\" step=\"1\" value=\"90\" style=\"width:100%;box-sizing:border-box;padding:14px 16px;border:1px solid #cbd5e1;border-radius:14px;font:inherit;\">\n          <\/div>\n\n          <div>\n            <label for=\"rx-cyc-creatchange\" style=\"display:block;margin:0 0 8px;font-weight:700;\">Zmiana kreatyniny wzgl\u0119dem wyj\u015bciowej (%)<\/label>\n            <input id=\"rx-cyc-creatchange\" type=\"number\" min=\"-50\" max=\"300\" step=\"1\" value=\"0\" style=\"width:100%;box-sizing:border-box;padding:14px 16px;border:1px solid #cbd5e1;border-radius:14px;font:inherit;\">\n          <\/div>\n\n          <div style=\"grid-column:1\/-1;\">\n            <label for=\"rx-cyc-urine\" style=\"display:block;margin:0 0 8px;font-weight:700;\">Badanie moczu \/ krwiomocz<\/label>\n            <select id=\"rx-cyc-urine\" style=\"width:100%;box-sizing:border-box;padding:14px 16px;border:1px solid #cbd5e1;border-radius:14px;font:inherit;background:#fff;\">\n              <option value=\"normal\">Brak krwiomoczu \/ bez istotnych odchyle\u0144<\/option>\n              <option value=\"micro\">Krwiomocz mikroskopowy \/ niejasny wynik<\/option>\n              <option value=\"gross\">Krwiomocz jawny \/ podejrzenie krwotocznego zapalenia p\u0119cherza<\/option>\n            <\/select>\n          <\/div>\n        <\/div>\n      <\/div>\n\n      <div style=\"background:#fff;border:1px solid #e2e8f0;border-radius:20px;padding:20px;\">\n        <h3 style=\"margin:0 0 6px;font-size:18px;\">3. Czerwone flagi kliniczne<\/h3>\n        <p style=\"margin:0 0 16px;color:#475569;font-size:14px;\">Zaznacz obecne objawy lub sytuacje kliniczne.<\/p>\n\n        <div style=\"display:grid;grid-template-columns:repeat(2,minmax(0,1fr));gap:12px;\">\n          <label style=\"display:flex;align-items:flex-start;gap:10px;padding:14px;border:1px solid #e2e8f0;border-radius:16px;background:#fff;cursor:pointer;\">\n            <input type=\"checkbox\" id=\"rx-cyc-infection\" style=\"margin-top:3px;accent-color:#0f766e;\">\n            <span><strong>Aktywna infekcja \/ gor\u0105czka<\/strong><\/span>\n          <\/label>\n\n          <label style=\"display:flex;align-items:flex-start;gap:10px;padding:14px;border:1px solid #e2e8f0;border-radius:16px;background:#fff;cursor:pointer;\">\n            <input type=\"checkbox\" id=\"rx-cyc-uti\" style=\"margin-top:3px;accent-color:#0f766e;\">\n            <span><strong>Objawy zaka\u017cenia dr\u00f3g moczowych<\/strong><\/span>\n          <\/label>\n\n          <label style=\"display:flex;align-items:flex-start;gap:10px;padding:14px;border:1px solid #e2e8f0;border-radius:16px;background:#fff;cursor:pointer;\">\n            <input type=\"checkbox\" id=\"rx-cyc-cystitis\" style=\"margin-top:3px;accent-color:#0f766e;\">\n            <span><strong>B\u00f3l przy mikcji \/ parcia \/ objawy zapalenia p\u0119cherza<\/strong><\/span>\n          <\/label>\n\n          <label style=\"display:flex;align-items:flex-start;gap:10px;padding:14px;border:1px solid #e2e8f0;border-radius:16px;background:#fff;cursor:pointer;\">\n            <input type=\"checkbox\" id=\"rx-cyc-bruising\" style=\"margin-top:3px;accent-color:#0f766e;\">\n            <span><strong>\u0141atwe siniaczenie \/ krwawienia<\/strong><\/span>\n          <\/label>\n\n          <label style=\"display:flex;align-items:flex-start;gap:10px;padding:14px;border:1px solid #e2e8f0;border-radius:16px;background:#fff;cursor:pointer;\">\n            <input type=\"checkbox\" id=\"rx-cyc-breath\" style=\"margin-top:3px;accent-color:#0f766e;\">\n            <span><strong>Duszno\u015b\u0107 \/ nowy kaszel<\/strong><\/span>\n          <\/label>\n\n          <label style=\"display:flex;align-items:flex-start;gap:10px;padding:14px;border:1px solid #e2e8f0;border-radius:16px;background:#fff;cursor:pointer;\">\n            <input type=\"checkbox\" id=\"rx-cyc-pregnancy\" style=\"margin-top:3px;accent-color:#0f766e;\">\n            <span><strong>Ci\u0105\u017ca \/ karmienie piersi\u0105<\/strong><\/span>\n          <\/label>\n\n          <label style=\"display:flex;align-items:flex-start;gap:10px;padding:14px;border:1px solid #e2e8f0;border-radius:16px;background:#fff;cursor:pointer;grid-column:1\/-1;\">\n            <input type=\"checkbox\" id=\"rx-cyc-mesna\" style=\"margin-top:3px;accent-color:#0f766e;\">\n            <span><strong>Tryb i.v. bez planu nawodnienia \/ bez rozwa\u017conej mesny<\/strong><br><span style=\"color:#475569;font-size:13px;\">Traktowane jako sygna\u0142 organizacyjny do weryfikacji, nie jako samodzielne rozstrzygni\u0119cie kliniczne<\/span><\/span>\n          <\/label>\n        <\/div>\n      <\/div>\n\n      <div style=\"display:flex;flex-wrap:wrap;gap:12px;margin-top:2px;\">\n        <button\n          type=\"button\"\n          id=\"rx-cyc-calc-btn\"\n          style=\"appearance:none;border:0;border-radius:16px;padding:14px 18px;background:linear-gradient(180deg,#0f766e 0%,#115e59 100%);color:#fff;font:inherit;font-weight:700;cursor:pointer;box-shadow:0 12px 24px rgba(15,118,110,.22);display:inline-flex;align-items:center;justify-content:center;min-width:180px;\"\n        >Oblicz wynik<\/button>\n\n        <button\n          type=\"button\"\n          id=\"rx-cyc-clear-btn\"\n          style=\"appearance:none;border:1px solid #cbd5e1;border-radius:16px;padding:14px 18px;background:#fff;color:#0f172a;font:inherit;font-weight:700;cursor:pointer;display:inline-flex;align-items:center;justify-content:center;\"\n        >Wyczy\u015b\u0107<\/button>\n      <\/div>\n\n      <div id=\"rx-cyc-result\" style=\"display:block;border-radius:20px;padding:20px;border:1px solid #e2e8f0;background:#f8fafc;\">\n        <p id=\"rx-cyc-result-title\" style=\"margin:0 0 8px;font-size:18px;line-height:1.3;font-weight:800;color:#0f172a;\">Wynik pojawi si\u0119 tutaj<\/p>\n        <p id=\"rx-cyc-result-text\" style=\"margin:0 0 8px;\">Uzupe\u0142nij tryb terapii, wyniki i czerwone flagi, a nast\u0119pnie kliknij \u201eOblicz wynik\u201d.<\/p>\n        <p id=\"rx-cyc-result-note\" style=\"margin:0;color:#475569;font-size:14px;\">Modu\u0142 bezpiecze\u0144stwa monitorowania cyklofosfamidu: pokazuje brak oczywistych czerwonych flag, potrzeb\u0119 weryfikacji lub piln\u0105 flag\u0119 bezpiecze\u0144stwa.<\/p>\n      <\/div>\n\n      <div style=\"border:1px solid #e2e8f0;background:linear-gradient(180deg,#ffffff 0%,#f8fafc 100%);border-radius:18px;padding:16px 18px;color:#475569;font-size:14px;\">\n        <strong style=\"color:#0f172a;\">Uwaga:<\/strong> to narz\u0119dzie wspiera monitorowanie bezpiecze\u0144stwa leczenia cyklofosfamidem i nie zast\u0119puje decyzji klinicznej. Szczeg\u00f3lnie wa\u017cne s\u0105 morfologia, nerki, badanie moczu, infekcje oraz profilaktyka toksyczno\u015bci p\u0119cherza.\n      <\/div>\n    <\/div>\n  <\/div>\n<\/section>\n\n<script>\n(function () {\n  var calcBtn = document.getElementById('rx-cyc-calc-btn');\n  var clearBtn = document.getElementById('rx-cyc-clear-btn');\n\n  if (!calcBtn || !clearBtn) return;\n\n  function readValue(id, min, max, fallback) {\n    var v = parseFloat(document.getElementById(id).value);\n    if (isNaN(v)) v = fallback;\n    if (v < min) v = min;\n    if (v > max) v = max;\n    return v;\n  }\n\n  function expectedDays() {\n    if (document.getElementById('rx-cyc-mode-oral').checked) return 31;\n    return 14;\n  }\n\n  calcBtn.addEventListener('click', function () {\n    var wbc = readValue('rx-cyc-wbc', 0, 50, 0);\n    var neut = readValue('rx-cyc-neut', 0, 30, 0);\n    var plt = readValue('rx-cyc-plt', 0, 1000, 0);\n    var altast = readValue('rx-cyc-altast', 0, 1000, 0);\n    var egfr = readValue('rx-cyc-egfr', 0, 150, 0);\n    var creatChange = readValue('rx-cyc-creatchange', -50, 300, 0);\n    var lastLabs = readValue('rx-cyc-lastlabs', 0, 365, 0);\n\n    var urine = document.getElementById('rx-cyc-urine').value;\n    var infection = document.getElementById('rx-cyc-infection').checked;\n    var uti = document.getElementById('rx-cyc-uti').checked;\n    var cystitis = document.getElementById('rx-cyc-cystitis').checked;\n    var bruising = document.getElementById('rx-cyc-bruising').checked;\n    var breath = document.getElementById('rx-cyc-breath').checked;\n    var pregnancy = document.getElementById('rx-cyc-pregnancy').checked;\n    var mesna = document.getElementById('rx-cyc-mesna').checked;\n    var isIV = document.getElementById('rx-cyc-mode-iv').checked;\n\n    var redFlags = [];\n    var yellowFlags = [];\n\n    if (wbc < 4.0) redFlags.push('WBC < 4,0 \u00d710\u2079\/L');\n    if (neut < 2.0) redFlags.push('neutrofile < 2,0 \u00d710\u2079\/L');\n    if (plt < 150) redFlags.push('p\u0142ytki < 150 \u00d710\u2079\/L');\n    if (infection) redFlags.push('aktywna infekcja \/ gor\u0105czka');\n    if (pregnancy) redFlags.push('ci\u0105\u017ca \/ karmienie piersi\u0105');\n    if (urine === 'gross') redFlags.push('jawny krwiomocz \/ podejrzenie krwotocznego zapalenia p\u0119cherza');\n    if (cystitis) redFlags.push('objawy zapalenia p\u0119cherza');\n    if (bruising) redFlags.push('\u0142atwe siniaczenie \/ krwawienia');\n\n    if (urine === 'micro') yellowFlags.push('krwiomocz mikroskopowy \/ niejasny wynik badania moczu');\n    if (uti) yellowFlags.push('objawy zaka\u017cenia dr\u00f3g moczowych');\n    if (breath) yellowFlags.push('duszno\u015b\u0107 \/ nowy kaszel');\n    if (altast > 100) yellowFlags.push('ALT\/AST > 100 U\/L');\n    if (creatChange > 30) yellowFlags.push('kreatynina wzros\u0142a > 30% wzgl\u0119dem wyj\u015bciowej');\n    if (egfr < 60) yellowFlags.push('eGFR < 60 ml\/min\/1,73 m\u00b2');\n    if (lastLabs > expectedDays()) yellowFlags.push('badania wykonano p\u00f3\u017aniej ni\u017c typowy interwa\u0142 dla tego trybu leczenia');\n    if (isIV && mesna) yellowFlags.push('wymaga weryfikacji plan nawodnienia \/ mesny przy terapii i.v.');\n\n    var result = document.getElementById('rx-cyc-result');\n    var title = document.getElementById('rx-cyc-result-title');\n    var text = document.getElementById('rx-cyc-result-text');\n    var note = document.getElementById('rx-cyc-result-note');\n\n    result.style.display = 'block';\n\n    if (redFlags.length > 0) {\n      result.style.background = '#fef2f2';\n      result.style.border = '1px solid #fecaca';\n      title.style.color = '#991b1b';\n      title.innerHTML = 'Czerwona flaga bezpiecze\u0144stwa';\n      text.innerHTML = 'Ten modu\u0142 wykry\u0142 istotne nieprawid\u0142owo\u015bci wymagaj\u0105ce pilnej weryfikacji i zwykle odroczenia \/ wstrzymania dalszej decyzji do kontaktu z lekarzem prowadz\u0105cym.';\n      note.innerHTML = 'Wykryte problemy: ' + redFlags.join('; ') + (yellowFlags.length ? '. Dodatkowo: ' + yellowFlags.join('; ') : '') + '.';\n    } else if (yellowFlags.length > 0) {\n      result.style.background = '#fffbeb';\n      result.style.border = '1px solid #fde68a';\n      title.style.color = '#92400e';\n      title.innerHTML = 'Wymaga weryfikacji';\n      text.innerHTML = 'Brak oczywistych czerwonych flag w podanych progach, ale s\u0105 elementy wymagaj\u0105ce kontroli klinicznej lub organizacyjnej przed dalszym planem leczenia.';\n      note.innerHTML = 'Do weryfikacji: ' + yellowFlags.join('; ') + '.';\n    } else {\n      result.style.background = '#f0fdf4';\n      result.style.border = '1px solid #bbf7d0';\n      title.style.color = '#166534';\n      title.innerHTML = 'Brak oczywistych czerwonych flag w tym module';\n      text.innerHTML = 'W podanych danych nie wykryto prog\u00f3w alarmowych u\u017cytych w tym kwalifikatorze.';\n      note.innerHTML = 'Pami\u0119taj o regularnej kontroli morfologii, nerek, badania moczu oraz o profilaktyce toksyczno\u015bci p\u0119cherza.';\n    }\n  });\n\n  clearBtn.addEventListener('click', function () {\n    document.getElementById('rx-cyc-mode-oral').checked = true;\n    document.getElementById('rx-cyc-lastlabs').value = 7;\n    document.getElementById('rx-cyc-wbc').value = 5.0;\n    document.getElementById('rx-cyc-neut').value = 2.5;\n    document.getElementById('rx-cyc-plt').value = 220;\n    document.getElementById('rx-cyc-altast').value = 24;\n    document.getElementById('rx-cyc-egfr').value = 90;\n    document.getElementById('rx-cyc-creatchange').value = 0;\n    document.getElementById('rx-cyc-urine').value = 'normal';\n    document.getElementById('rx-cyc-infection').checked = false;\n    document.getElementById('rx-cyc-uti').checked = false;\n    document.getElementById('rx-cyc-cystitis').checked = false;\n    document.getElementById('rx-cyc-bruising').checked = false;\n    document.getElementById('rx-cyc-breath').checked = false;\n    document.getElementById('rx-cyc-pregnancy').checked = false;\n    document.getElementById('rx-cyc-mesna').checked = false;\n\n    document.getElementById('rx-cyc-result').style.display = 'block';\n    document.getElementById('rx-cyc-result').style.background = '#f8fafc';\n    document.getElementById('rx-cyc-result').style.border = '1px solid #e2e8f0';\n    document.getElementById('rx-cyc-result-title').style.color = '#0f172a';\n    document.getElementById('rx-cyc-result-title').innerHTML = 'Wynik pojawi si\u0119 tutaj';\n    document.getElementById('rx-cyc-result-text').innerHTML = 'Uzupe\u0142nij tryb terapii, wyniki i czerwone flagi, a nast\u0119pnie kliknij \u201eOblicz wynik\u201d.';\n    document.getElementById('rx-cyc-result-note').innerHTML = 'Modu\u0142 bezpiecze\u0144stwa monitorowania cyklofosfamidu: pokazuje brak oczywistych czerwonych flag, potrzeb\u0119 weryfikacji lub piln\u0105 flag\u0119 bezpiecze\u0144stwa.';\n  });\n})();\n<\/script>","protected":false},"excerpt":{"rendered":"<p>Monitorowanie leczenia Cyklofosfamid \u2014 kwalifikator bezpiecze\u0144stwa monitorowania Interaktywny modu\u0142 do oceny bezpiecze\u0144stwa kontynuacji leczenia cyklofosfamidem w reumatologii. Uwzgl\u0119dnia tryb terapii, aktualne wyniki bada\u0144 i czerwone flagi kliniczne. 1. Tryb terapii i aktualno\u015b\u0107 kontroli Wybierz schemat leczenia i podaj, ile dni min\u0119\u0142o od ostatnich bada\u0144. Terapia doustna ci\u0105g\u0142aW praktyce wymaga regularnej kontroli morfologii, nerek, w\u0105troby i&#8230;<\/p>","protected":false},"author":1,"featured_media":0,"parent":0,"menu_order":0,"comment_status":"closed","ping_status":"closed","template":"","meta":{"_bbp_topic_count":0,"_bbp_reply_count":0,"_bbp_total_topic_count":0,"_bbp_total_reply_count":0,"_bbp_voice_count":0,"_bbp_anonymous_reply_count":0,"_bbp_topic_count_hidden":0,"_bbp_reply_count_hidden":0,"_bbp_forum_subforum_count":0,"_kadence_starter_templates_imported_post":false,"_kad_post_transparent":"","_kad_post_title":"","_kad_post_layout":"","_kad_post_sidebar_id":"","_kad_post_content_style":"","_kad_post_vertical_padding":"","_kad_post_feature":"","_kad_post_feature_position":"","_kad_post_header":false,"_kad_post_footer":false,"_kad_post_classname":"","footnotes":""},"class_list":["post-432","page","type-page","status-publish","hentry"],"_links":{"self":[{"href":"https:\/\/rheumanext.pl\/en\/wp-json\/wp\/v2\/pages\/432","targetHints":{"allow":["GET"]}}],"collection":[{"href":"https:\/\/rheumanext.pl\/en\/wp-json\/wp\/v2\/pages"}],"about":[{"href":"https:\/\/rheumanext.pl\/en\/wp-json\/wp\/v2\/types\/page"}],"author":[{"embeddable":true,"href":"https:\/\/rheumanext.pl\/en\/wp-json\/wp\/v2\/users\/1"}],"replies":[{"embeddable":true,"href":"https:\/\/rheumanext.pl\/en\/wp-json\/wp\/v2\/comments?post=432"}],"version-history":[{"count":4,"href":"https:\/\/rheumanext.pl\/en\/wp-json\/wp\/v2\/pages\/432\/revisions"}],"predecessor-version":[{"id":1204,"href":"https:\/\/rheumanext.pl\/en\/wp-json\/wp\/v2\/pages\/432\/revisions\/1204"}],"wp:attachment":[{"href":"https:\/\/rheumanext.pl\/en\/wp-json\/wp\/v2\/media?parent=432"}],"curies":[{"name":"wp","href":"https:\/\/api.w.org\/{rel}","templated":true}]}}