{"id":827,"date":"2026-02-27T23:16:26","date_gmt":"2026-02-27T23:16:26","guid":{"rendered":"https:\/\/rheumanext.pl\/?page_id=827"},"modified":"2026-03-02T22:26:20","modified_gmt":"2026-03-02T22:26:20","slug":"kalkulatory","status":"publish","type":"page","link":"https:\/\/rheumanext.pl\/en\/kalkulatory\/","title":{"rendered":"Calculators"},"content":{"rendered":"<p>Rheumatology scales and tools organized by topic. Rapid calculations, plus clinical context and limitations, so results are not detached from real-world practice.<\/p>\n\n\n\n<p>The results are supportive and educational in nature. They do not replace medical consultation or clinical interpretation. View Safety Principles. <a href=\"https:\/\/rheumanext.pl\/en\/bezpieczenstwo\/\" data-type=\"page\" data-id=\"832\">Zobacz zasady bezpiecze\u0144stwa.<\/a><\/p>\n\n\n\n<div class=\"rn-searchbar\">\n  <form role=\"search\" method=\"get\" action=\"\/en\/\" class=\"rn-searchbar__form\" data-trp-original-action=\"\/\">\n    <label class=\"screen-reader-text\" for=\"rn-calc-q\">Szukaj kalkulatora<\/label>\n    <input id=\"rn-calc-q\" class=\"rn-searchbar__input\" type=\"search\" name=\"s\"\n           placeholder=\"Search: DAS28, BASDAI, ASDAS, SLEDAI...\" \/>\n    <button class=\"rn-searchbar__btn\" type=\"submit\">Search<\/button>\n  <input type=\"hidden\" name=\"trp-form-language\" value=\"en\"\/><\/form>\n<\/div>\n\n\n\n<h2 class=\"wp-block-heading\">Categories<\/h2>\n\n\n\n<div class=\"wp-block-columns is-layout-flex wp-container-core-columns-is-layout-9d6595d7 wp-block-columns-is-layout-flex\">\n<div class=\"wp-block-column is-layout-flow wp-block-column-is-layout-flow\">\n<h3 class=\"wp-block-heading\">Disease Classification Criteria<\/h3>\n\n\n\n<p>ACR\/EULAR criteria and other classification tools supporting the diagnostic process.<\/p>\n\n\n\n<div class=\"wp-block-buttons is-layout-flex wp-block-buttons-is-layout-flex\">\n<div class=\"wp-block-button\"><a class=\"wp-block-button__link wp-element-button\" href=\"\/en\/kalkulatory\/kryteria\/\"><strong>Go to Criteria<\/strong><\/a><\/div>\n<\/div>\n<\/div>\n\n\n\n<div class=\"wp-block-column is-layout-flow wp-block-column-is-layout-flow\">\n<h3 class=\"wp-block-heading\">Disease Activity Assessment<\/h3>\n\n\n\n<p>DAS28, BASDAI\/ASDAS, SLEDAI, HAQ, RAPID3, PASDAS, and others \u2014 designed for longitudinal comparison.<\/p>\n\n\n\n<div class=\"wp-block-buttons is-layout-flex wp-block-buttons-is-layout-flex\">\n<div class=\"wp-block-button\"><a class=\"wp-block-button__link wp-element-button\" href=\"\/en\/kalkulatory\/aktywnosc\/\"><strong>Go to Assessments<\/strong><\/a><\/div>\n<\/div>\n<\/div>\n\n\n\n<div class=\"wp-block-column is-layout-flow wp-block-column-is-layout-flow\">\n<h3 class=\"wp-block-heading\">Treatment Monitoring<\/h3>\n\n\n\n<p>Treatment safety monitoring and checklists for conventional, biologic, and targeted therapies.<\/p>\n\n\n\n<div class=\"wp-block-buttons is-layout-flex wp-block-buttons-is-layout-flex\">\n<div class=\"wp-block-button\"><a class=\"wp-block-button__link wp-element-button\" href=\"\/en\/kalkulatory\/leczenie\/\"><strong>Go to Monitoring<\/strong><\/a><\/div>\n<\/div>\n<\/div>\n<\/div>","protected":false},"excerpt":{"rendered":"<p>Skale i narz\u0119dzia reumatologiczne uporz\u0105dkowane tematycznie. Szybkie obliczenia + kontekst i ograniczenia, \u017ceby wynik nie by\u0142 \u201ewyrwany z rzeczywisto\u015bci\u201d. Wyniki maj\u0105 charakter wspieraj\u0105cy i edukacyjny. Nie zast\u0119puj\u0105 konsultacji ani interpretacji klinicznej. Zobacz zasady bezpiecze\u0144stwa. Szukaj kalkulatora Szukaj Kategorie Kryteria rozpoznania chor\u00f3b Kryteria ACR\/EULAR i inne narz\u0119dzia klasyfikacyjne wspieraj\u0105ce proces diagnostyczny. Ocena aktywno\u015bci choroby DAS28, BASDAI\/ASDAS,&#8230;<\/p>","protected":false},"author":1,"featured_media":0,"parent":0,"menu_order":0,"comment_status":"closed","ping_status":"closed","template":"","meta":{"_bbp_topic_count":0,"_bbp_reply_count":0,"_bbp_total_topic_count":0,"_bbp_total_reply_count":0,"_bbp_voice_count":0,"_bbp_anonymous_reply_count":0,"_bbp_topic_count_hidden":0,"_bbp_reply_count_hidden":0,"_bbp_forum_subforum_count":0,"_kadence_starter_templates_imported_post":false,"_kad_post_transparent":"","_kad_post_title":"","_kad_post_layout":"","_kad_post_sidebar_id":"","_kad_post_content_style":"","_kad_post_vertical_padding":"","_kad_post_feature":"","_kad_post_feature_position":"","_kad_post_header":false,"_kad_post_footer":false,"_kad_post_classname":"","footnotes":""},"class_list":["post-827","page","type-page","status-publish","hentry"],"_links":{"self":[{"href":"https:\/\/rheumanext.pl\/en\/wp-json\/wp\/v2\/pages\/827","targetHints":{"allow":["GET"]}}],"collection":[{"href":"https:\/\/rheumanext.pl\/en\/wp-json\/wp\/v2\/pages"}],"about":[{"href":"https:\/\/rheumanext.pl\/en\/wp-json\/wp\/v2\/types\/page"}],"author":[{"embeddable":true,"href":"https:\/\/rheumanext.pl\/en\/wp-json\/wp\/v2\/users\/1"}],"replies":[{"embeddable":true,"href":"https:\/\/rheumanext.pl\/en\/wp-json\/wp\/v2\/comments?post=827"}],"version-history":[{"count":11,"href":"https:\/\/rheumanext.pl\/en\/wp-json\/wp\/v2\/pages\/827\/revisions"}],"predecessor-version":[{"id":1071,"href":"https:\/\/rheumanext.pl\/en\/wp-json\/wp\/v2\/pages\/827\/revisions\/1071"}],"wp:attachment":[{"href":"https:\/\/rheumanext.pl\/en\/wp-json\/wp\/v2\/media?parent=827"}],"curies":[{"name":"wp","href":"https:\/\/api.w.org\/{rel}","templated":true}]}}