{"id":1008,"date":"2026-03-02T20:15:22","date_gmt":"2026-03-02T20:15:22","guid":{"rendered":"https:\/\/rheumanext.pl\/?page_id=1008"},"modified":"2026-03-02T21:29:45","modified_gmt":"2026-03-02T21:29:45","slug":"leczenie","status":"publish","type":"page","link":"https:\/\/rheumanext.pl\/pl\/kalkulatory\/leczenie\/","title":{"rendered":"Monitorowanie leczenia"},"content":{"rendered":"\n<p>Zasady monitorowania bezpiecze\u0144stwa terapii i praktyczne checklisty &#8211; w podziale na leki klasyczne, biologiczne i celowane.<\/p>\n\n\n\n<p>Narz\u0119dzie wspieraj\u0105ce i edukacyjne. Nie zast\u0119puje decyzji klinicznych. <a href=\"https:\/\/rheumanext.pl\/bezpieczenstwo\/\" data-type=\"page\" data-id=\"832\">Zobacz zasady bezpiecze\u0144stwa.<\/a><\/p>\n\n\n\n<h2 class=\"wp-block-heading\">Kategorie<\/h2>\n\n\n\n<div class=\"wp-block-columns is-layout-flex wp-container-core-columns-is-layout-9d6595d7 wp-block-columns-is-layout-flex\">\n<div class=\"wp-block-column is-layout-flow wp-block-column-is-layout-flow\">\n<h3 class=\"wp-block-heading\">Leki klasyczne (csDMARD)<\/h3>\n\n\n\n<p>Checklisty bada\u0144 kontrolnych, dzia\u0142ania niepo\u017c\u0105dane, zasady bezpiecze\u0144stwa i sytuacje wymagaj\u0105ce pilnego kontaktu.<\/p>\n\n\n\n<div class=\"wp-block-buttons is-layout-flex wp-block-buttons-is-layout-flex\">\n<div class=\"wp-block-button\"><a class=\"wp-block-button__link wp-element-button\" href=\"\/kalkulatory\/leczenie\/klasyczne\">Przejd\u017a do csDMARD<\/a><\/div>\n<\/div>\n<\/div>\n\n\n\n<div class=\"wp-block-column is-layout-flow wp-block-column-is-layout-flow\">\n<h3 class=\"wp-block-heading\">Leki biologiczne (bDMARD)<\/h3>\n\n\n\n<p>Checklisty bada\u0144 kontrolnych, monitorowanie infekcji, badania przesiewowe, dzia\u0142ania niepo\u017c\u0105dane i bezpiecze\u0144stwo terapii biologicznych.<\/p>\n\n\n\n<div class=\"wp-block-buttons is-layout-flex wp-block-buttons-is-layout-flex\">\n<div class=\"wp-block-button\"><a class=\"wp-block-button__link wp-element-button\" href=\"\/kalkulatory\/leczenie\/biologiczne\">Przejd\u017a do bDMARD<\/a><\/div>\n<\/div>\n<\/div>\n<\/div>\n\n\n\n<div class=\"wp-block-columns is-layout-flex wp-container-core-columns-is-layout-9d6595d7 wp-block-columns-is-layout-flex\">\n<div class=\"wp-block-column is-layout-flow wp-block-column-is-layout-flow\">\n<h3 class=\"wp-block-heading\">Leki celowane (tsDMARD)<\/h3>\n\n\n\n<p>Monitorowanie terapii celowanych: badania, ostrze\u017cenia, interakcje i kluczowe punkty bezpiecze\u0144stwa.<\/p>\n\n\n\n<div class=\"wp-block-buttons is-layout-flex wp-block-buttons-is-layout-flex\">\n<div class=\"wp-block-button\"><a class=\"wp-block-button__link wp-element-button\" href=\"\/kalkulatory\/leczenie\/celowane\">Przejd\u017a do tsDMARD<\/a><\/div>\n<\/div>\n<\/div>\n\n\n\n<div class=\"wp-block-column is-layout-flow wp-block-column-is-layout-flow\">\n<h3 class=\"wp-block-heading\">Leki objawowe i inne<\/h3>\n\n\n\n<p>NLPZ, kolchicyna, GKS i inne &#8211; checklisty bezpiecze\u0144stwa, interakcje i sytuacje alarmowe.<\/p>\n\n\n\n<div class=\"wp-block-buttons is-layout-flex wp-block-buttons-is-layout-flex\">\n<div class=\"wp-block-button\"><a class=\"wp-block-button__link wp-element-button\" href=\"\/kalkulatory\/leczenie\/objawowe\">Przejd\u017a do objawowych<\/a><\/div>\n<\/div>\n<\/div>\n<\/div>\n","protected":false},"excerpt":{"rendered":"<p>Zasady monitorowania bezpiecze\u0144stwa terapii i praktyczne checklisty &#8211; w podziale na leki klasyczne, biologiczne i celowane. Narz\u0119dzie wspieraj\u0105ce i edukacyjne. Nie zast\u0119puje decyzji klinicznych. Zobacz zasady bezpiecze\u0144stwa. Kategorie Leki klasyczne (csDMARD) Checklisty bada\u0144 kontrolnych, dzia\u0142ania niepo\u017c\u0105dane, zasady bezpiecze\u0144stwa i sytuacje wymagaj\u0105ce pilnego kontaktu. Leki biologiczne (bDMARD) Checklisty bada\u0144 kontrolnych, monitorowanie infekcji, badania przesiewowe, dzia\u0142ania niepo\u017c\u0105dane&#8230;<\/p>\n","protected":false},"author":1,"featured_media":0,"parent":827,"menu_order":0,"comment_status":"closed","ping_status":"closed","template":"","meta":{"_bbp_topic_count":0,"_bbp_reply_count":0,"_bbp_total_topic_count":0,"_bbp_total_reply_count":0,"_bbp_voice_count":0,"_bbp_anonymous_reply_count":0,"_bbp_topic_count_hidden":0,"_bbp_reply_count_hidden":0,"_bbp_forum_subforum_count":0,"_kadence_starter_templates_imported_post":false,"_kad_post_transparent":"","_kad_post_title":"","_kad_post_layout":"","_kad_post_sidebar_id":"","_kad_post_content_style":"","_kad_post_vertical_padding":"","_kad_post_feature":"","_kad_post_feature_position":"","_kad_post_header":false,"_kad_post_footer":false,"_kad_post_classname":"","footnotes":""},"class_list":["post-1008","page","type-page","status-publish","hentry"],"_links":{"self":[{"href":"https:\/\/rheumanext.pl\/pl\/wp-json\/wp\/v2\/pages\/1008","targetHints":{"allow":["GET"]}}],"collection":[{"href":"https:\/\/rheumanext.pl\/pl\/wp-json\/wp\/v2\/pages"}],"about":[{"href":"https:\/\/rheumanext.pl\/pl\/wp-json\/wp\/v2\/types\/page"}],"author":[{"embeddable":true,"href":"https:\/\/rheumanext.pl\/pl\/wp-json\/wp\/v2\/users\/1"}],"replies":[{"embeddable":true,"href":"https:\/\/rheumanext.pl\/pl\/wp-json\/wp\/v2\/comments?post=1008"}],"version-history":[{"count":3,"href":"https:\/\/rheumanext.pl\/pl\/wp-json\/wp\/v2\/pages\/1008\/revisions"}],"predecessor-version":[{"id":1054,"href":"https:\/\/rheumanext.pl\/pl\/wp-json\/wp\/v2\/pages\/1008\/revisions\/1054"}],"up":[{"embeddable":true,"href":"https:\/\/rheumanext.pl\/pl\/wp-json\/wp\/v2\/pages\/827"}],"wp:attachment":[{"href":"https:\/\/rheumanext.pl\/pl\/wp-json\/wp\/v2\/media?parent=1008"}],"curies":[{"name":"wp","href":"https:\/\/api.w.org\/{rel}","templated":true}]}}