{"id":206,"date":"2025-03-07T20:10:38","date_gmt":"2025-03-07T20:10:38","guid":{"rendered":"https:\/\/rheumanext.pl\/?page_id=206"},"modified":"2026-03-14T22:15:16","modified_gmt":"2026-03-14T22:15:16","slug":"ocena-ograniczen-funkcjonalnych-u-chorych-z-reumatoidalnym-zapaleniem-stawow-haq-di","status":"publish","type":"page","link":"https:\/\/rheumanext.pl\/pl\/kalkulatory\/aktywnosc\/ocena-ograniczen-funkcjonalnych-u-chorych-z-reumatoidalnym-zapaleniem-stawow-haq-di\/","title":{"rendered":"Ocena stopnia niepe\u0142nosprawno\u015bci funkcjonalnej u pacjent\u00f3w z chorobami reumatycznymi (RZS\/RA, ZZSK\/AS, TRU\/SLE) &#8211; HAQ-DI"},"content":{"rendered":"\n<section id=\"rx-haqdi-calculator\" style=\"max-width:960px;margin:0 auto;font:16px\/1.55 Inter,ui-sans-serif,system-ui,-apple-system,BlinkMacSystemFont,'Segoe UI',sans-serif;color:#0f172a;\">\n  <div style=\"background:linear-gradient(180deg,#ffffff 0%,#fbfdff 100%);border:1px solid #e2e8f0;border-radius:24px;box-shadow:0 12px 30px rgba(15,23,42,.06);overflow:hidden;\">\n    <div style=\"padding:28px 28px 20px;border-bottom:1px solid #e2e8f0;background:radial-gradient(circle at top right, rgba(15,118,110,.08), transparent 32%), linear-gradient(180deg,#ffffff 0%,#f8fafc 100%);\">\n      <div style=\"display:inline-block;padding:6px 12px;border-radius:999px;background:rgba(15,118,110,.10);color:#0f766e;font-size:12px;font-weight:700;letter-spacing:.02em;text-transform:uppercase;margin-bottom:14px;\">Ocena funkcjonalna<\/div>\n      <h2 style=\"margin:0 0 10px;font-size:clamp(24px,3vw,32px);line-height:1.15;letter-spacing:-.02em;\">Ocena stopnia niepe\u0142nosprawno\u015bci funkcjonalnej \u2014 HAQ-DI<\/h2>\n      <p style=\"margin:0;color:#475569;max-width:76ch;\">Health Assessment Questionnaire Disability Index ocenia trudno\u015bci w codziennym funkcjonowaniu. Wynik ko\u0144cowy wynosi od 0 do 3, gdzie wy\u017csza warto\u015b\u0107 oznacza wi\u0119ksz\u0105 niesprawno\u015b\u0107.<\/p>\n    <\/div>\n\n    <div style=\"padding:28px;display:grid;gap:20px;\">\n\n      <div style=\"border:1px solid #e2e8f0;background:#f8fafc;border-radius:18px;padding:16px 18px;color:#475569;font-size:14px;\">\n        <strong style=\"color:#0f172a;\">Skala odpowiedzi:<\/strong> 0 = bez trudno\u015bci, 1 = z pewn\u0105 trudno\u015bci\u0105, 2 = z du\u017c\u0105 trudno\u015bci\u0105, 3 = niezdolny do wykonania.\n      <\/div>\n\n      <div style=\"background:#fff;border:1px solid #e2e8f0;border-radius:20px;padding:20px;display:grid;gap:18px;\">\n        <h3 style=\"margin:0;font-size:18px;\">1. Ubieranie i piel\u0119gnacja<\/h3>\n\n        <div>\n          <label for=\"rx-haq-d1\" style=\"display:block;margin:0 0 8px;font-weight:700;\">Ubra\u0107 si\u0119, \u0142\u0105cznie z wi\u0105zaniem but\u00f3w i zapinaniem guzik\u00f3w<\/label>\n          <input id=\"rx-haq-d1\" type=\"number\" min=\"0\" max=\"3\" step=\"1\" value=\"0\" style=\"width:100%;box-sizing:border-box;padding:14px 16px;border:1px solid #cbd5e1;border-radius:14px;font:inherit;\">\n        <\/div>\n\n        <div>\n          <label for=\"rx-haq-d2\" style=\"display:block;margin:0 0 8px;font-weight:700;\">Umy\u0107 lub uczesa\u0107 w\u0142osy<\/label>\n          <input id=\"rx-haq-d2\" type=\"number\" min=\"0\" max=\"3\" step=\"1\" value=\"0\" style=\"width:100%;box-sizing:border-box;padding:14px 16px;border:1px solid #cbd5e1;border-radius:14px;font:inherit;\">\n        <\/div>\n\n        <div style=\"display:grid;grid-template-columns:repeat(2,minmax(0,1fr));gap:12px;\">\n          <label style=\"display:flex;gap:10px;align-items:flex-start;padding:14px;border:1px solid #e2e8f0;border-radius:16px;cursor:pointer;\">\n            <input type=\"checkbox\" id=\"rx-haq-d-aid\" style=\"margin-top:3px;accent-color:#0f766e;\">\n            <span>U\u017cywa pomocy \/ urz\u0105dze\u0144 w tej kategorii<\/span>\n          <\/label>\n          <label style=\"display:flex;gap:10px;align-items:flex-start;padding:14px;border:1px solid #e2e8f0;border-radius:16px;cursor:pointer;\">\n            <input type=\"checkbox\" id=\"rx-haq-d-help\" style=\"margin-top:3px;accent-color:#0f766e;\">\n            <span>Wymaga pomocy drugiej osoby<\/span>\n          <\/label>\n        <\/div>\n      <\/div>\n\n      <div style=\"background:#fff;border:1px solid #e2e8f0;border-radius:20px;padding:20px;display:grid;gap:18px;\">\n        <h3 style=\"margin:0;font-size:18px;\">2. Wstawanie<\/h3>\n\n        <div>\n          <label for=\"rx-haq-r1\" style=\"display:block;margin:0 0 8px;font-weight:700;\">Wsta\u0107 z krzes\u0142a bez por\u0119czy<\/label>\n          <input id=\"rx-haq-r1\" type=\"number\" min=\"0\" max=\"3\" step=\"1\" value=\"0\" style=\"width:100%;box-sizing:border-box;padding:14px 16px;border:1px solid #cbd5e1;border-radius:14px;font:inherit;\">\n        <\/div>\n\n        <div>\n          <label for=\"rx-haq-r2\" style=\"display:block;margin:0 0 8px;font-weight:700;\">Po\u0142o\u017cy\u0107 si\u0119 do \u0142\u00f3\u017cka i wsta\u0107 z \u0142\u00f3\u017cka<\/label>\n          <input id=\"rx-haq-r2\" type=\"number\" min=\"0\" max=\"3\" step=\"1\" value=\"0\" style=\"width:100%;box-sizing:border-box;padding:14px 16px;border:1px solid #cbd5e1;border-radius:14px;font:inherit;\">\n        <\/div>\n\n        <div style=\"display:grid;grid-template-columns:repeat(2,minmax(0,1fr));gap:12px;\">\n          <label style=\"display:flex;gap:10px;align-items:flex-start;padding:14px;border:1px solid #e2e8f0;border-radius:16px;cursor:pointer;\">\n            <input type=\"checkbox\" id=\"rx-haq-r-aid\" style=\"margin-top:3px;accent-color:#0f766e;\">\n            <span>U\u017cywa pomocy \/ urz\u0105dze\u0144 w tej kategorii<\/span>\n          <\/label>\n          <label style=\"display:flex;gap:10px;align-items:flex-start;padding:14px;border:1px solid #e2e8f0;border-radius:16px;cursor:pointer;\">\n            <input type=\"checkbox\" id=\"rx-haq-r-help\" style=\"margin-top:3px;accent-color:#0f766e;\">\n            <span>Wymaga pomocy drugiej osoby<\/span>\n          <\/label>\n        <\/div>\n      <\/div>\n\n      <div style=\"background:#fff;border:1px solid #e2e8f0;border-radius:20px;padding:20px;display:grid;gap:18px;\">\n        <h3 style=\"margin:0;font-size:18px;\">3. Jedzenie<\/h3>\n\n        <div>\n          <label for=\"rx-haq-e1\" style=\"display:block;margin:0 0 8px;font-weight:700;\">Pokroi\u0107 mi\u0119so<\/label>\n          <input id=\"rx-haq-e1\" type=\"number\" min=\"0\" max=\"3\" step=\"1\" value=\"0\" style=\"width:100%;box-sizing:border-box;padding:14px 16px;border:1px solid #cbd5e1;border-radius:14px;font:inherit;\">\n        <\/div>\n\n        <div>\n          <label for=\"rx-haq-e2\" style=\"display:block;margin:0 0 8px;font-weight:700;\">Podnie\u015b\u0107 pe\u0142n\u0105 fili\u017cank\u0119 lub szklank\u0119 do ust<\/label>\n          <input id=\"rx-haq-e2\" type=\"number\" min=\"0\" max=\"3\" step=\"1\" value=\"0\" style=\"width:100%;box-sizing:border-box;padding:14px 16px;border:1px solid #cbd5e1;border-radius:14px;font:inherit;\">\n        <\/div>\n\n        <div>\n          <label for=\"rx-haq-e3\" style=\"display:block;margin:0 0 8px;font-weight:700;\">Otworzy\u0107 nowy karton mleka<\/label>\n          <input id=\"rx-haq-e3\" type=\"number\" min=\"0\" max=\"3\" step=\"1\" value=\"0\" style=\"width:100%;box-sizing:border-box;padding:14px 16px;border:1px solid #cbd5e1;border-radius:14px;font:inherit;\">\n        <\/div>\n\n        <div style=\"display:grid;grid-template-columns:repeat(2,minmax(0,1fr));gap:12px;\">\n          <label style=\"display:flex;gap:10px;align-items:flex-start;padding:14px;border:1px solid #e2e8f0;border-radius:16px;cursor:pointer;\">\n            <input type=\"checkbox\" id=\"rx-haq-e-aid\" style=\"margin-top:3px;accent-color:#0f766e;\">\n            <span>U\u017cywa pomocy \/ urz\u0105dze\u0144 w tej kategorii<\/span>\n          <\/label>\n          <label style=\"display:flex;gap:10px;align-items:flex-start;padding:14px;border:1px solid #e2e8f0;border-radius:16px;cursor:pointer;\">\n            <input type=\"checkbox\" id=\"rx-haq-e-help\" style=\"margin-top:3px;accent-color:#0f766e;\">\n            <span>Wymaga pomocy drugiej osoby<\/span>\n          <\/label>\n        <\/div>\n      <\/div>\n\n      <div style=\"background:#fff;border:1px solid #e2e8f0;border-radius:20px;padding:20px;display:grid;gap:18px;\">\n        <h3 style=\"margin:0;font-size:18px;\">4. Chodzenie<\/h3>\n\n        <div>\n          <label for=\"rx-haq-w1\" style=\"display:block;margin:0 0 8px;font-weight:700;\">Chodzi\u0107 na zewn\u0105trz po r\u00f3wnym terenie<\/label>\n          <input id=\"rx-haq-w1\" type=\"number\" min=\"0\" max=\"3\" step=\"1\" value=\"0\" style=\"width:100%;box-sizing:border-box;padding:14px 16px;border:1px solid #cbd5e1;border-radius:14px;font:inherit;\">\n        <\/div>\n\n        <div>\n          <label for=\"rx-haq-w2\" style=\"display:block;margin:0 0 8px;font-weight:700;\">Wej\u015b\u0107 po pi\u0119ciu schodach<\/label>\n          <input id=\"rx-haq-w2\" type=\"number\" min=\"0\" max=\"3\" step=\"1\" value=\"0\" style=\"width:100%;box-sizing:border-box;padding:14px 16px;border:1px solid #cbd5e1;border-radius:14px;font:inherit;\">\n        <\/div>\n\n        <div style=\"display:grid;grid-template-columns:repeat(2,minmax(0,1fr));gap:12px;\">\n          <label style=\"display:flex;gap:10px;align-items:flex-start;padding:14px;border:1px solid #e2e8f0;border-radius:16px;cursor:pointer;\">\n            <input type=\"checkbox\" id=\"rx-haq-w-aid\" style=\"margin-top:3px;accent-color:#0f766e;\">\n            <span>U\u017cywa pomocy \/ urz\u0105dze\u0144 w tej kategorii<\/span>\n          <\/label>\n          <label style=\"display:flex;gap:10px;align-items:flex-start;padding:14px;border:1px solid #e2e8f0;border-radius:16px;cursor:pointer;\">\n            <input type=\"checkbox\" id=\"rx-haq-w-help\" style=\"margin-top:3px;accent-color:#0f766e;\">\n            <span>Wymaga pomocy drugiej osoby<\/span>\n          <\/label>\n        <\/div>\n      <\/div>\n\n      <div style=\"background:#fff;border:1px solid #e2e8f0;border-radius:20px;padding:20px;display:grid;gap:18px;\">\n        <h3 style=\"margin:0;font-size:18px;\">5. Higiena<\/h3>\n\n        <div>\n          <label for=\"rx-haq-h1\" style=\"display:block;margin:0 0 8px;font-weight:700;\">Umy\u0107 i wytrze\u0107 ca\u0142e cia\u0142o<\/label>\n          <input id=\"rx-haq-h1\" type=\"number\" min=\"0\" max=\"3\" step=\"1\" value=\"0\" style=\"width:100%;box-sizing:border-box;padding:14px 16px;border:1px solid #cbd5e1;border-radius:14px;font:inherit;\">\n        <\/div>\n\n        <div>\n          <label for=\"rx-haq-h2\" style=\"display:block;margin:0 0 8px;font-weight:700;\">Wzi\u0105\u0107 k\u0105piel w wannie<\/label>\n          <input id=\"rx-haq-h2\" type=\"number\" min=\"0\" max=\"3\" step=\"1\" value=\"0\" style=\"width:100%;box-sizing:border-box;padding:14px 16px;border:1px solid #cbd5e1;border-radius:14px;font:inherit;\">\n        <\/div>\n\n        <div>\n          <label for=\"rx-haq-h3\" style=\"display:block;margin:0 0 8px;font-weight:700;\">Usi\u0105\u015b\u0107 i wsta\u0107 z toalety<\/label>\n          <input id=\"rx-haq-h3\" type=\"number\" min=\"0\" max=\"3\" step=\"1\" value=\"0\" style=\"width:100%;box-sizing:border-box;padding:14px 16px;border:1px solid #cbd5e1;border-radius:14px;font:inherit;\">\n        <\/div>\n\n        <div style=\"display:grid;grid-template-columns:repeat(2,minmax(0,1fr));gap:12px;\">\n          <label style=\"display:flex;gap:10px;align-items:flex-start;padding:14px;border:1px solid #e2e8f0;border-radius:16px;cursor:pointer;\">\n            <input type=\"checkbox\" id=\"rx-haq-h-aid\" style=\"margin-top:3px;accent-color:#0f766e;\">\n            <span>U\u017cywa pomocy \/ urz\u0105dze\u0144 w tej kategorii<\/span>\n          <\/label>\n          <label style=\"display:flex;gap:10px;align-items:flex-start;padding:14px;border:1px solid #e2e8f0;border-radius:16px;cursor:pointer;\">\n            <input type=\"checkbox\" id=\"rx-haq-h-help\" style=\"margin-top:3px;accent-color:#0f766e;\">\n            <span>Wymaga pomocy drugiej osoby<\/span>\n          <\/label>\n        <\/div>\n      <\/div>\n\n      <div style=\"background:#fff;border:1px solid #e2e8f0;border-radius:20px;padding:20px;display:grid;gap:18px;\">\n        <h3 style=\"margin:0;font-size:18px;\">6. Si\u0119ganie<\/h3>\n\n        <div>\n          <label for=\"rx-haq-re1\" style=\"display:block;margin:0 0 8px;font-weight:700;\">Si\u0119gn\u0105\u0107 i zdj\u0105\u0107 przedmiot o masie ok. 2 kg znad g\u0142owy<\/label>\n          <input id=\"rx-haq-re1\" type=\"number\" min=\"0\" max=\"3\" step=\"1\" value=\"0\" style=\"width:100%;box-sizing:border-box;padding:14px 16px;border:1px solid #cbd5e1;border-radius:14px;font:inherit;\">\n        <\/div>\n\n        <div>\n          <label for=\"rx-haq-re2\" style=\"display:block;margin:0 0 8px;font-weight:700;\">Schyli\u0107 si\u0119 i podnie\u015b\u0107 ubranie z pod\u0142ogi<\/label>\n          <input id=\"rx-haq-re2\" type=\"number\" min=\"0\" max=\"3\" step=\"1\" value=\"0\" style=\"width:100%;box-sizing:border-box;padding:14px 16px;border:1px solid #cbd5e1;border-radius:14px;font:inherit;\">\n        <\/div>\n\n        <div style=\"display:grid;grid-template-columns:repeat(2,minmax(0,1fr));gap:12px;\">\n          <label style=\"display:flex;gap:10px;align-items:flex-start;padding:14px;border:1px solid #e2e8f0;border-radius:16px;cursor:pointer;\">\n            <input type=\"checkbox\" id=\"rx-haq-re-aid\" style=\"margin-top:3px;accent-color:#0f766e;\">\n            <span>U\u017cywa pomocy \/ urz\u0105dze\u0144 w tej kategorii<\/span>\n          <\/label>\n          <label style=\"display:flex;gap:10px;align-items:flex-start;padding:14px;border:1px solid #e2e8f0;border-radius:16px;cursor:pointer;\">\n            <input type=\"checkbox\" id=\"rx-haq-re-help\" style=\"margin-top:3px;accent-color:#0f766e;\">\n            <span>Wymaga pomocy drugiej osoby<\/span>\n          <\/label>\n        <\/div>\n      <\/div>\n\n      <div style=\"background:#fff;border:1px solid #e2e8f0;border-radius:20px;padding:20px;display:grid;gap:18px;\">\n        <h3 style=\"margin:0;font-size:18px;\">7. Chwyt<\/h3>\n\n        <div>\n          <label for=\"rx-haq-g1\" style=\"display:block;margin:0 0 8px;font-weight:700;\">Otworzy\u0107 drzwi samochodu<\/label>\n          <input id=\"rx-haq-g1\" type=\"number\" min=\"0\" max=\"3\" step=\"1\" value=\"0\" style=\"width:100%;box-sizing:border-box;padding:14px 16px;border:1px solid #cbd5e1;border-radius:14px;font:inherit;\">\n        <\/div>\n\n        <div>\n          <label for=\"rx-haq-g2\" style=\"display:block;margin:0 0 8px;font-weight:700;\">Otworzy\u0107 wcze\u015bniej otwarty s\u0142oik<\/label>\n          <input id=\"rx-haq-g2\" type=\"number\" min=\"0\" max=\"3\" step=\"1\" value=\"0\" style=\"width:100%;box-sizing:border-box;padding:14px 16px;border:1px solid #cbd5e1;border-radius:14px;font:inherit;\">\n        <\/div>\n\n        <div>\n          <label for=\"rx-haq-g3\" style=\"display:block;margin:0 0 8px;font-weight:700;\">Odkr\u0119ci\u0107 i zakr\u0119ci\u0107 kran<\/label>\n          <input id=\"rx-haq-g3\" type=\"number\" min=\"0\" max=\"3\" step=\"1\" value=\"0\" style=\"width:100%;box-sizing:border-box;padding:14px 16px;border:1px solid #cbd5e1;border-radius:14px;font:inherit;\">\n        <\/div>\n\n        <div style=\"display:grid;grid-template-columns:repeat(2,minmax(0,1fr));gap:12px;\">\n          <label style=\"display:flex;gap:10px;align-items:flex-start;padding:14px;border:1px solid #e2e8f0;border-radius:16px;cursor:pointer;\">\n            <input type=\"checkbox\" id=\"rx-haq-g-aid\" style=\"margin-top:3px;accent-color:#0f766e;\">\n            <span>U\u017cywa pomocy \/ urz\u0105dze\u0144 w tej kategorii<\/span>\n          <\/label>\n          <label style=\"display:flex;gap:10px;align-items:flex-start;padding:14px;border:1px solid #e2e8f0;border-radius:16px;cursor:pointer;\">\n            <input type=\"checkbox\" id=\"rx-haq-g-help\" style=\"margin-top:3px;accent-color:#0f766e;\">\n            <span>Wymaga pomocy drugiej osoby<\/span>\n          <\/label>\n        <\/div>\n      <\/div>\n\n      <div style=\"background:#fff;border:1px solid #e2e8f0;border-radius:20px;padding:20px;display:grid;gap:18px;\">\n        <h3 style=\"margin:0;font-size:18px;\">8. Codzienne czynno\u015bci<\/h3>\n\n        <div>\n          <label for=\"rx-haq-a1\" style=\"display:block;margin:0 0 8px;font-weight:700;\">Zrobi\u0107 zakupy i za\u0142atwi\u0107 sprawy<\/label>\n          <input id=\"rx-haq-a1\" type=\"number\" min=\"0\" max=\"3\" step=\"1\" value=\"0\" style=\"width:100%;box-sizing:border-box;padding:14px 16px;border:1px solid #cbd5e1;border-radius:14px;font:inherit;\">\n        <\/div>\n\n        <div>\n          <label for=\"rx-haq-a2\" style=\"display:block;margin:0 0 8px;font-weight:700;\">Wsi\u0105\u015b\u0107 i wysi\u0105\u015b\u0107 z samochodu<\/label>\n          <input id=\"rx-haq-a2\" type=\"number\" min=\"0\" max=\"3\" step=\"1\" value=\"0\" style=\"width:100%;box-sizing:border-box;padding:14px 16px;border:1px solid #cbd5e1;border-radius:14px;font:inherit;\">\n        <\/div>\n\n        <div>\n          <label for=\"rx-haq-a3\" style=\"display:block;margin:0 0 8px;font-weight:700;\">Wykonywa\u0107 prace domowe, takie jak odkurzanie lub drobne prace w ogrodzie<\/label>\n          <input id=\"rx-haq-a3\" type=\"number\" min=\"0\" max=\"3\" step=\"1\" value=\"0\" style=\"width:100%;box-sizing:border-box;padding:14px 16px;border:1px solid #cbd5e1;border-radius:14px;font:inherit;\">\n        <\/div>\n\n        <div style=\"display:grid;grid-template-columns:repeat(2,minmax(0,1fr));gap:12px;\">\n          <label style=\"display:flex;gap:10px;align-items:flex-start;padding:14px;border:1px solid #e2e8f0;border-radius:16px;cursor:pointer;\">\n            <input type=\"checkbox\" id=\"rx-haq-a-aid\" style=\"margin-top:3px;accent-color:#0f766e;\">\n            <span>U\u017cywa pomocy \/ urz\u0105dze\u0144 w tej kategorii<\/span>\n          <\/label>\n          <label style=\"display:flex;gap:10px;align-items:flex-start;padding:14px;border:1px solid #e2e8f0;border-radius:16px;cursor:pointer;\">\n            <input type=\"checkbox\" id=\"rx-haq-a-help\" style=\"margin-top:3px;accent-color:#0f766e;\">\n            <span>Wymaga pomocy drugiej osoby<\/span>\n          <\/label>\n        <\/div>\n      <\/div>\n\n      <div style=\"display:flex;flex-wrap:wrap;gap:12px;margin-top:2px;\">\n        <button\n          type=\"button\"\n          id=\"rx-haq-calc-btn\"\n          style=\"appearance:none;border:0;border-radius:16px;padding:14px 18px;background:linear-gradient(180deg,#0f766e 0%,#115e59 100%);color:#fff;font:inherit;font-weight:700;cursor:pointer;box-shadow:0 12px 24px rgba(15,118,110,.22);display:inline-flex;align-items:center;justify-content:center;min-width:180px;\"\n        >Oblicz wynik<\/button>\n\n        <button\n          type=\"button\"\n          id=\"rx-haq-clear-btn\"\n          style=\"appearance:none;border:1px solid #cbd5e1;border-radius:16px;padding:14px 18px;background:#fff;color:#0f172a;font:inherit;font-weight:700;cursor:pointer;display:inline-flex;align-items:center;justify-content:center;\"\n        >Wyczy\u015b\u0107<\/button>\n      <\/div>\n\n      <div id=\"rx-haq-result\" style=\"display:block;border-radius:20px;padding:20px;border:1px solid #e2e8f0;background:#f8fafc;\">\n        <p id=\"rx-haq-result-title\" style=\"margin:0 0 8px;font-size:18px;line-height:1.3;font-weight:800;color:#0f172a;\">Wynik pojawi si\u0119 tutaj<\/p>\n        <p id=\"rx-haq-result-text\" style=\"margin:0 0 8px;\">Uzupe\u0142nij odpowiedzi, a nast\u0119pnie kliknij \u201eOblicz wynik\u201d.<\/p>\n        <p id=\"rx-haq-result-note\" style=\"margin:0;color:#475569;font-size:14px;\">Wynik HAQ-DI = \u015brednia z 8 kategorii, ka\u017cda w skali 0\u20133.<\/p>\n      <\/div>\n\n      <div style=\"border:1px solid #e2e8f0;background:linear-gradient(180deg,#ffffff 0%,#f8fafc 100%);border-radius:18px;padding:16px 18px;color:#475569;font-size:14px;\">\n        <strong style=\"color:#0f172a;\">Uwaga:<\/strong> HAQ-DI ocenia stopie\u0144 ograniczenia funkcjonalnego w codziennych czynno\u015bciach. To narz\u0119dzie nie mierzy bezpo\u015brednio aktywno\u015bci zapalnej. Edukacyjnie. Nie zast\u0119puje konsultacji lekarskiej.\n      <\/div>\n    <\/div>\n  <\/div>\n<\/section>\n\n<script>\n(function () {\n  var calcBtn = document.getElementById('rx-haq-calc-btn');\n  var clearBtn = document.getElementById('rx-haq-clear-btn');\n\n  if (!calcBtn || !clearBtn) return;\n\n  function readValue(id) {\n    var v = parseFloat(document.getElementById(id).value);\n    if (isNaN(v)) v = 0;\n    if (v < 0) v = 0;\n    if (v > 3) v = 3;\n    return v;\n  }\n\n  function categoryScore(itemIds, aidId, helpId) {\n    var maxScore = 0;\n\n    itemIds.forEach(function (id) {\n      var v = readValue(id);\n      if (v > maxScore) maxScore = v;\n    });\n\n    var usesAid = document.getElementById(aidId).checked;\n    var needsHelp = document.getElementById(helpId).checked;\n\n    if ((usesAid || needsHelp) && maxScore < 2) {\n      maxScore = 2;\n    }\n\n    return maxScore;\n  }\n\n  calcBtn.addEventListener('click', function () {\n    var dressing = categoryScore(['rx-haq-d1', 'rx-haq-d2'], 'rx-haq-d-aid', 'rx-haq-d-help');\n    var rising = categoryScore(['rx-haq-r1', 'rx-haq-r2'], 'rx-haq-r-aid', 'rx-haq-r-help');\n    var eating = categoryScore(['rx-haq-e1', 'rx-haq-e2', 'rx-haq-e3'], 'rx-haq-e-aid', 'rx-haq-e-help');\n    var walking = categoryScore(['rx-haq-w1', 'rx-haq-w2'], 'rx-haq-w-aid', 'rx-haq-w-help');\n    var hygiene = categoryScore(['rx-haq-h1', 'rx-haq-h2', 'rx-haq-h3'], 'rx-haq-h-aid', 'rx-haq-h-help');\n    var reach = categoryScore(['rx-haq-re1', 'rx-haq-re2'], 'rx-haq-re-aid', 'rx-haq-re-help');\n    var grip = categoryScore(['rx-haq-g1', 'rx-haq-g2', 'rx-haq-g3'], 'rx-haq-g-aid', 'rx-haq-g-help');\n    var activities = categoryScore(['rx-haq-a1', 'rx-haq-a2', 'rx-haq-a3'], 'rx-haq-a-aid', 'rx-haq-a-help');\n\n    var total = dressing + rising + eating + walking + hygiene + reach + grip + activities;\n    var haq = total \/ 8;\n    var score = Math.round(haq * 100) \/ 100;\n\n    var category = '';\n    var bg = '';\n    var border = '';\n    var color = '';\n\n    if (score < 1) {\n      category = 'Niska niesprawno\u015b\u0107 funkcjonalna';\n      bg = '#f0fdf4';\n      border = '1px solid #bbf7d0';\n      color = '#166534';\n    } else if (score < 2) {\n      category = 'Umiarkowana niesprawno\u015b\u0107 funkcjonalna';\n      bg = '#fffbeb';\n      border = '1px solid #fde68a';\n      color = '#92400e';\n    } else {\n      category = 'Znaczna niesprawno\u015b\u0107 funkcjonalna';\n      bg = '#fef2f2';\n      border = '1px solid #fecaca';\n      color = '#991b1b';\n    }\n\n    var result = document.getElementById('rx-haq-result');\n    var title = document.getElementById('rx-haq-result-title');\n    var text = document.getElementById('rx-haq-result-text');\n    var note = document.getElementById('rx-haq-result-note');\n\n    result.style.display = 'block';\n    result.style.background = bg;\n    result.style.border = border;\n    title.style.color = color;\n    title.innerHTML = category;\n    text.innerHTML = 'Wynik HAQ-DI: ' + score.toFixed(2) + ' \/ 3.';\n    note.innerHTML = 'Kategorie: ubieranie ' + dressing.toFixed(0) + ', wstawanie ' + rising.toFixed(0) + ', jedzenie ' + eating.toFixed(0) + ', chodzenie ' + walking.toFixed(0) + ', higiena ' + hygiene.toFixed(0) + ', si\u0119ganie ' + reach.toFixed(0) + ', chwyt ' + grip.toFixed(0) + ', codzienne czynno\u015bci ' + activities.toFixed(0) + '.';\n  });\n\n  clearBtn.addEventListener('click', function () {\n    [\n      'rx-haq-d1','rx-haq-d2',\n      'rx-haq-r1','rx-haq-r2',\n      'rx-haq-e1','rx-haq-e2','rx-haq-e3',\n      'rx-haq-w1','rx-haq-w2',\n      'rx-haq-h1','rx-haq-h2','rx-haq-h3',\n      'rx-haq-re1','rx-haq-re2',\n      'rx-haq-g1','rx-haq-g2','rx-haq-g3',\n      'rx-haq-a1','rx-haq-a2','rx-haq-a3'\n    ].forEach(function (id) {\n      document.getElementById(id).value = 0;\n    });\n\n    [\n      'rx-haq-d-aid','rx-haq-d-help',\n      'rx-haq-r-aid','rx-haq-r-help',\n      'rx-haq-e-aid','rx-haq-e-help',\n      'rx-haq-w-aid','rx-haq-w-help',\n      'rx-haq-h-aid','rx-haq-h-help',\n      'rx-haq-re-aid','rx-haq-re-help',\n      'rx-haq-g-aid','rx-haq-g-help',\n      'rx-haq-a-aid','rx-haq-a-help'\n    ].forEach(function (id) {\n      document.getElementById(id).checked = false;\n    });\n\n    document.getElementById('rx-haq-result').style.display = 'block';\n    document.getElementById('rx-haq-result').style.background = '#f8fafc';\n    document.getElementById('rx-haq-result').style.border = '1px solid #e2e8f0';\n    document.getElementById('rx-haq-result-title').style.color = '#0f172a';\n    document.getElementById('rx-haq-result-title').innerHTML = 'Wynik pojawi si\u0119 tutaj';\n    document.getElementById('rx-haq-result-text').innerHTML = 'Uzupe\u0142nij odpowiedzi, a nast\u0119pnie kliknij \u201eOblicz wynik\u201d.';\n    document.getElementById('rx-haq-result-note').innerHTML = 'Wynik HAQ-DI = \u015brednia z 8 kategorii, ka\u017cda w skali 0\u20133.';\n  });\n})();\n<\/script>\n","protected":false},"excerpt":{"rendered":"<p>Ocena funkcjonalna Ocena stopnia niepe\u0142nosprawno\u015bci funkcjonalnej \u2014 HAQ-DI Health Assessment Questionnaire Disability Index ocenia trudno\u015bci w codziennym funkcjonowaniu. Wynik ko\u0144cowy wynosi od 0 do 3, gdzie wy\u017csza warto\u015b\u0107 oznacza wi\u0119ksz\u0105 niesprawno\u015b\u0107. Skala odpowiedzi: 0 = bez trudno\u015bci, 1 = z pewn\u0105 trudno\u015bci\u0105, 2 = z du\u017c\u0105 trudno\u015bci\u0105, 3 = niezdolny do wykonania. 1. Ubieranie i&#8230;<\/p>\n","protected":false},"author":1,"featured_media":0,"parent":936,"menu_order":0,"comment_status":"closed","ping_status":"closed","template":"","meta":{"_bbp_topic_count":0,"_bbp_reply_count":0,"_bbp_total_topic_count":0,"_bbp_total_reply_count":0,"_bbp_voice_count":0,"_bbp_anonymous_reply_count":0,"_bbp_topic_count_hidden":0,"_bbp_reply_count_hidden":0,"_bbp_forum_subforum_count":0,"_kadence_starter_templates_imported_post":false,"_kad_post_transparent":"","_kad_post_title":"","_kad_post_layout":"","_kad_post_sidebar_id":"","_kad_post_content_style":"","_kad_post_vertical_padding":"","_kad_post_feature":"","_kad_post_feature_position":"","_kad_post_header":false,"_kad_post_footer":false,"_kad_post_classname":"","footnotes":""},"class_list":["post-206","page","type-page","status-publish","hentry"],"_links":{"self":[{"href":"https:\/\/rheumanext.pl\/pl\/wp-json\/wp\/v2\/pages\/206","targetHints":{"allow":["GET"]}}],"collection":[{"href":"https:\/\/rheumanext.pl\/pl\/wp-json\/wp\/v2\/pages"}],"about":[{"href":"https:\/\/rheumanext.pl\/pl\/wp-json\/wp\/v2\/types\/page"}],"author":[{"embeddable":true,"href":"https:\/\/rheumanext.pl\/pl\/wp-json\/wp\/v2\/users\/1"}],"replies":[{"embeddable":true,"href":"https:\/\/rheumanext.pl\/pl\/wp-json\/wp\/v2\/comments?post=206"}],"version-history":[{"count":5,"href":"https:\/\/rheumanext.pl\/pl\/wp-json\/wp\/v2\/pages\/206\/revisions"}],"predecessor-version":[{"id":1187,"href":"https:\/\/rheumanext.pl\/pl\/wp-json\/wp\/v2\/pages\/206\/revisions\/1187"}],"up":[{"embeddable":true,"href":"https:\/\/rheumanext.pl\/pl\/wp-json\/wp\/v2\/pages\/936"}],"wp:attachment":[{"href":"https:\/\/rheumanext.pl\/pl\/wp-json\/wp\/v2\/media?parent=206"}],"curies":[{"name":"wp","href":"https:\/\/api.w.org\/{rel}","templated":true}]}}