{"id":210,"date":"2025-03-07T20:13:16","date_gmt":"2025-03-07T20:13:16","guid":{"rendered":"https:\/\/rheumanext.pl\/?page_id=210"},"modified":"2026-03-14T22:29:45","modified_gmt":"2026-03-14T22:29:45","slug":"ocena-aktywnosci-reumatoidalnego-zapalenia-stawow-rapid3","status":"publish","type":"page","link":"https:\/\/rheumanext.pl\/pl\/kalkulatory\/aktywnosc\/ocena-aktywnosci-reumatoidalnego-zapalenia-stawow-rapid3\/","title":{"rendered":"Szybka ocena aktywno\u015bci reumatoidalnego zapalenia staw\u00f3w (RZS, RA) &#8211; RAPID3"},"content":{"rendered":"\n<section id=\"rx-rapid3-calculator\" style=\"max-width:960px;margin:0 auto;font:16px\/1.55 Inter,ui-sans-serif,system-ui,-apple-system,BlinkMacSystemFont,'Segoe UI',sans-serif;color:#0f172a;\">\n  <div style=\"background:linear-gradient(180deg,#ffffff 0%,#fbfdff 100%);border:1px solid #e2e8f0;border-radius:24px;box-shadow:0 12px 30px rgba(15,23,42,.06);overflow:hidden;\">\n    <div style=\"padding:28px 28px 20px;border-bottom:1px solid #e2e8f0;background:radial-gradient(circle at top right, rgba(15,118,110,.08), transparent 32%), linear-gradient(180deg,#ffffff 0%,#f8fafc 100%);\">\n      <div style=\"display:inline-block;padding:6px 12px;border-radius:999px;background:rgba(15,118,110,.10);color:#0f766e;font-size:12px;font-weight:700;letter-spacing:.02em;text-transform:uppercase;margin-bottom:14px;\">Ocena aktywno\u015bci choroby<\/div>\n      <h2 style=\"margin:0 0 10px;font-size:clamp(24px,3vw,32px);line-height:1.15;letter-spacing:-.02em;\">Szybka ocena aktywno\u015bci reumatoidalnego zapalenia staw\u00f3w (RZS, RA) \u2014 RAPID3<\/h2>\n      <p style=\"margin:0;color:#475569;max-width:76ch;\">RAPID3 to szybki wska\u017anik oparty wy\u0142\u0105cznie na ocenie pacjenta. Obejmuje 3 domeny: sprawno\u015b\u0107 funkcjonaln\u0105, b\u00f3l oraz globaln\u0105 ocen\u0119 stanu zdrowia. Wynik ko\u0144cowy mie\u015bci si\u0119 w zakresie 0\u201330.<\/p>\n    <\/div>\n\n    <div style=\"padding:28px;display:grid;gap:20px;\">\n      <div style=\"background:#fff;border:1px solid #e2e8f0;border-radius:20px;padding:20px;display:grid;gap:18px;\">\n        <div>\n          <label for=\"rx-rapid3-function\" style=\"display:block;margin:0 0 8px;font-weight:700;\">1. Sprawno\u015b\u0107 funkcjonalna<\/label>\n          <p style=\"margin:0 0 10px;color:#475569;font-size:14px;\">Ocena w skali 0\u201310, gdzie 0 = brak trudno\u015bci, 10 = bardzo du\u017ce ograniczenie.<\/p>\n          <input id=\"rx-rapid3-function\" type=\"number\" min=\"0\" max=\"10\" step=\"0.1\" value=\"0\" style=\"width:100%;box-sizing:border-box;padding:14px 16px;border:1px solid #cbd5e1;border-radius:14px;font:inherit;\">\n        <\/div>\n\n        <div>\n          <label for=\"rx-rapid3-pain\" style=\"display:block;margin:0 0 8px;font-weight:700;\">2. B\u00f3l<\/label>\n          <p style=\"margin:0 0 10px;color:#475569;font-size:14px;\">Ocena b\u00f3lu w skali 0\u201310, gdzie 0 = brak b\u00f3lu, 10 = najsilniejszy mo\u017cliwy b\u00f3l.<\/p>\n          <input id=\"rx-rapid3-pain\" type=\"number\" min=\"0\" max=\"10\" step=\"0.1\" value=\"0\" style=\"width:100%;box-sizing:border-box;padding:14px 16px;border:1px solid #cbd5e1;border-radius:14px;font:inherit;\">\n        <\/div>\n\n        <div>\n          <label for=\"rx-rapid3-global\" style=\"display:block;margin:0 0 8px;font-weight:700;\">3. Globalna ocena pacjenta<\/label>\n          <p style=\"margin:0 0 10px;color:#475569;font-size:14px;\">Ocena og\u00f3lnego stanu zdrowia \/ aktywno\u015bci choroby w skali 0\u201310, gdzie 0 = bardzo dobrze, 10 = bardzo \u017ale.<\/p>\n          <input id=\"rx-rapid3-global\" type=\"number\" min=\"0\" max=\"10\" step=\"0.1\" value=\"0\" style=\"width:100%;box-sizing:border-box;padding:14px 16px;border:1px solid #cbd5e1;border-radius:14px;font:inherit;\">\n        <\/div>\n      <\/div>\n\n      <div style=\"display:flex;flex-wrap:wrap;gap:12px;margin-top:2px;\">\n        <button\n          type=\"button\"\n          id=\"rx-rapid3-calc-btn\"\n          style=\"appearance:none;border:0;border-radius:16px;padding:14px 18px;background:linear-gradient(180deg,#0f766e 0%,#115e59 100%);color:#fff;font:inherit;font-weight:700;cursor:pointer;box-shadow:0 12px 24px rgba(15,118,110,.22);display:inline-flex;align-items:center;justify-content:center;min-width:180px;\"\n        >Oblicz wynik<\/button>\n\n        <button\n          type=\"button\"\n          id=\"rx-rapid3-clear-btn\"\n          style=\"appearance:none;border:1px solid #cbd5e1;border-radius:16px;padding:14px 18px;background:#fff;color:#0f172a;font:inherit;font-weight:700;cursor:pointer;display:inline-flex;align-items:center;justify-content:center;\"\n        >Wyczy\u015b\u0107<\/button>\n      <\/div>\n\n      <div id=\"rx-rapid3-result\" style=\"display:block;border-radius:20px;padding:20px;border:1px solid #e2e8f0;background:#f8fafc;\">\n        <p id=\"rx-rapid3-result-title\" style=\"margin:0 0 8px;font-size:18px;line-height:1.3;font-weight:800;color:#0f172a;\">Wynik pojawi si\u0119 tutaj<\/p>\n        <p id=\"rx-rapid3-result-text\" style=\"margin:0 0 8px;\">Uzupe\u0142nij 3 domeny, a nast\u0119pnie kliknij \u201eOblicz wynik\u201d.<\/p>\n        <p id=\"rx-rapid3-result-note\" style=\"margin:0;color:#475569;font-size:14px;\">Wz\u00f3r: RAPID3 = sprawno\u015b\u0107 funkcjonalna + b\u00f3l + globalna ocena pacjenta. Zakres 0\u201330.<\/p>\n      <\/div>\n\n      <div style=\"border:1px solid #e2e8f0;background:linear-gradient(180deg,#ffffff 0%,#f8fafc 100%);border-radius:18px;padding:16px 18px;color:#475569;font-size:14px;\">\n        <strong style=\"color:#0f172a;\">Uwaga:<\/strong> RAPID3 to szybkie narz\u0119dzie PRO do oceny aktywno\u015bci RZS z perspektywy pacjenta. Nie zast\u0119puje pe\u0142nej oceny klinicznej ani badania przedmiotowego. Edukacyjnie. Nie zast\u0119puje konsultacji lekarskiej.\n      <\/div>\n    <\/div>\n  <\/div>\n<\/section>\n\n<script>\n(function () {\n  var calcBtn = document.getElementById('rx-rapid3-calc-btn');\n  var clearBtn = document.getElementById('rx-rapid3-clear-btn');\n\n  if (!calcBtn || !clearBtn) return;\n\n  function readValue(id, min, max) {\n    var v = parseFloat(document.getElementById(id).value);\n    if (isNaN(v)) v = 0;\n    if (v < min) v = min;\n    if (v > max) v = max;\n    return v;\n  }\n\n  calcBtn.addEventListener('click', function () {\n    var fn = readValue('rx-rapid3-function', 0, 10);\n    var pain = readValue('rx-rapid3-pain', 0, 10);\n    var global = readValue('rx-rapid3-global', 0, 10);\n\n    var score = fn + pain + global;\n    score = Math.round(score * 10) \/ 10;\n\n    var category = '';\n    var bg = '';\n    var border = '';\n    var color = '';\n\n    if (score <= 3) {\n      category = 'Remisja \/ prawie remisja';\n      bg = '#f0fdf4';\n      border = '1px solid #bbf7d0';\n      color = '#166534';\n    } else if (score <= 6) {\n      category = 'Niska aktywno\u015b\u0107';\n      bg = '#ecfeff';\n      border = '1px solid #a5f3fc';\n      color = '#155e75';\n    } else if (score <= 12) {\n      category = 'Umiarkowana aktywno\u015b\u0107';\n      bg = '#fffbeb';\n      border = '1px solid #fde68a';\n      color = '#92400e';\n    } else {\n      category = 'Wysoka aktywno\u015b\u0107';\n      bg = '#fef2f2';\n      border = '1px solid #fecaca';\n      color = '#991b1b';\n    }\n\n    var result = document.getElementById('rx-rapid3-result');\n    var title = document.getElementById('rx-rapid3-result-title');\n    var text = document.getElementById('rx-rapid3-result-text');\n    var note = document.getElementById('rx-rapid3-result-note');\n\n    result.style.display = 'block';\n    result.style.background = bg;\n    result.style.border = border;\n    title.style.color = color;\n    title.innerHTML = category;\n    text.innerHTML = 'Wynik RAPID3: ' + score.toFixed(1) + ' \/ 30.';\n    note.innerHTML = 'Sprawno\u015b\u0107 funkcjonalna: ' + fn.toFixed(1) + ', b\u00f3l: ' + pain.toFixed(1) + ', globalna ocena pacjenta: ' + global.toFixed(1) + '.';\n  });\n\n  clearBtn.addEventListener('click', function () {\n    document.getElementById('rx-rapid3-function').value = 0;\n    document.getElementById('rx-rapid3-pain').value = 0;\n    document.getElementById('rx-rapid3-global').value = 0;\n\n    document.getElementById('rx-rapid3-result').style.display = 'block';\n    document.getElementById('rx-rapid3-result').style.background = '#f8fafc';\n    document.getElementById('rx-rapid3-result').style.border = '1px solid #e2e8f0';\n    document.getElementById('rx-rapid3-result-title').style.color = '#0f172a';\n    document.getElementById('rx-rapid3-result-title').innerHTML = 'Wynik pojawi si\u0119 tutaj';\n    document.getElementById('rx-rapid3-result-text').innerHTML = 'Uzupe\u0142nij 3 domeny, a nast\u0119pnie kliknij \u201eOblicz wynik\u201d.';\n    document.getElementById('rx-rapid3-result-note').innerHTML = 'Wz\u00f3r: RAPID3 = sprawno\u015b\u0107 funkcjonalna + b\u00f3l + globalna ocena pacjenta. Zakres 0\u201330.';\n  });\n})();\n<\/script>\n","protected":false},"excerpt":{"rendered":"<p>Ocena aktywno\u015bci choroby Szybka ocena aktywno\u015bci reumatoidalnego zapalenia staw\u00f3w (RZS, RA) \u2014 RAPID3 RAPID3 to szybki wska\u017anik oparty wy\u0142\u0105cznie na ocenie pacjenta. Obejmuje 3 domeny: sprawno\u015b\u0107 funkcjonaln\u0105, b\u00f3l oraz globaln\u0105 ocen\u0119 stanu zdrowia. Wynik ko\u0144cowy mie\u015bci si\u0119 w zakresie 0\u201330. 1. Sprawno\u015b\u0107 funkcjonalna Ocena w skali 0\u201310, gdzie 0 = brak trudno\u015bci, 10 = bardzo&#8230;<\/p>\n","protected":false},"author":1,"featured_media":0,"parent":936,"menu_order":0,"comment_status":"closed","ping_status":"closed","template":"","meta":{"_bbp_topic_count":0,"_bbp_reply_count":0,"_bbp_total_topic_count":0,"_bbp_total_reply_count":0,"_bbp_voice_count":0,"_bbp_anonymous_reply_count":0,"_bbp_topic_count_hidden":0,"_bbp_reply_count_hidden":0,"_bbp_forum_subforum_count":0,"_kadence_starter_templates_imported_post":false,"_kad_post_transparent":"","_kad_post_title":"","_kad_post_layout":"","_kad_post_sidebar_id":"","_kad_post_content_style":"","_kad_post_vertical_padding":"","_kad_post_feature":"","_kad_post_feature_position":"","_kad_post_header":false,"_kad_post_footer":false,"_kad_post_classname":"","footnotes":""},"class_list":["post-210","page","type-page","status-publish","hentry"],"_links":{"self":[{"href":"https:\/\/rheumanext.pl\/pl\/wp-json\/wp\/v2\/pages\/210","targetHints":{"allow":["GET"]}}],"collection":[{"href":"https:\/\/rheumanext.pl\/pl\/wp-json\/wp\/v2\/pages"}],"about":[{"href":"https:\/\/rheumanext.pl\/pl\/wp-json\/wp\/v2\/types\/page"}],"author":[{"embeddable":true,"href":"https:\/\/rheumanext.pl\/pl\/wp-json\/wp\/v2\/users\/1"}],"replies":[{"embeddable":true,"href":"https:\/\/rheumanext.pl\/pl\/wp-json\/wp\/v2\/comments?post=210"}],"version-history":[{"count":5,"href":"https:\/\/rheumanext.pl\/pl\/wp-json\/wp\/v2\/pages\/210\/revisions"}],"predecessor-version":[{"id":1191,"href":"https:\/\/rheumanext.pl\/pl\/wp-json\/wp\/v2\/pages\/210\/revisions\/1191"}],"up":[{"embeddable":true,"href":"https:\/\/rheumanext.pl\/pl\/wp-json\/wp\/v2\/pages\/936"}],"wp:attachment":[{"href":"https:\/\/rheumanext.pl\/pl\/wp-json\/wp\/v2\/media?parent=210"}],"curies":[{"name":"wp","href":"https:\/\/api.w.org\/{rel}","templated":true}]}}