{"id":936,"date":"2026-03-02T18:09:14","date_gmt":"2026-03-02T18:09:14","guid":{"rendered":"https:\/\/rheumanext.pl\/?page_id=936"},"modified":"2026-03-02T19:40:24","modified_gmt":"2026-03-02T19:40:24","slug":"aktywnosc","status":"publish","type":"page","link":"https:\/\/rheumanext.pl\/pl\/kalkulatory\/aktywnosc\/","title":{"rendered":"Ocena aktywno\u015bci choroby"},"content":{"rendered":"\n<p>Wska\u017aniki i skale do oceny aktywno\u015bci choroby oraz por\u00f3wnywania wynik\u00f3w w czasie (m.in. DAS28, BASDAI\/ASDAS, SLEDAI, HAQ, RAPID3, PASDAS).<\/p>\n\n\n\n<p>Wyniki maj\u0105 charakter wspieraj\u0105cy i edukacyjny. Nie zast\u0119puj\u0105 interpretacji klinicznej. <a href=\"https:\/\/rheumanext.pl\/bezpieczenstwo\/\" data-type=\"page\" data-id=\"832\">Zobacz zasady bezpiecze\u0144stwa.<\/a><\/p>\n\n\n\n<h2 class=\"wp-block-heading\">Dost\u0119pne kalkulatory<\/h2>\n\n\n<nav class=\"items-justified-left rn-calc-list wp-block-navigation is-horizontal is-content-justification-left is-layout-flex wp-container-core-navigation-is-layout-92fc3979 wp-block-navigation-is-layout-flex\" aria-label=\"Kalkulatory - aktywno\u015b\u0107\"><ul class=\"wp-block-navigation__container items-justified-left rn-calc-list wp-block-navigation\"><li class=\" wp-block-navigation-item wp-block-navigation-link\"><a class=\"wp-block-navigation-item__content\"  href=\"https:\/\/rheumanext.pl\/pl\/kalkulatory\/aktywnosc\/ocena-aktywnosci-zesztywniajacego-zapalenia-stawow-kregoslupa-basdai\/\"><span class=\"wp-block-navigation-item__label\">BASDAI (ZZSK\/AS)<\/span><\/a><\/li><li class=\" wp-block-navigation-item wp-block-navigation-link\"><a class=\"wp-block-navigation-item__content\"  href=\"https:\/\/rheumanext.pl\/pl\/kalkulatory\/aktywnosc\/ocena-aktywnosci-luszczycowego-zapalenia-stawow-pasdas\/\"><span class=\"wp-block-navigation-item__label\">PASDAS (\u0141ZS\/PsA)<\/span><\/a><\/li><li class=\" wp-block-navigation-item wp-block-navigation-link\"><a class=\"wp-block-navigation-item__content\"  href=\"https:\/\/rheumanext.pl\/pl\/kalkulatory\/aktywnosc\/ocena-aktywnosci-reumatoidalnego-zapalenia-stawow-kalkulator-das-28\/\"><span class=\"wp-block-navigation-item__label\">DAS28 (RZS\/RA<\/span><\/a><\/li><li class=\" wp-block-navigation-item wp-block-navigation-link\"><a class=\"wp-block-navigation-item__content\"  href=\"https:\/\/rheumanext.pl\/pl\/kalkulatory\/aktywnosc\/ocena-aktywnosci-reumatoidalnego-zapalenia-stawow-cdai\/\"><span class=\"wp-block-navigation-item__label\">CDAI (RZS\/RA)<\/span><\/a><\/li><li class=\" wp-block-navigation-item wp-block-navigation-link\"><a class=\"wp-block-navigation-item__content\"  href=\"https:\/\/rheumanext.pl\/pl\/kalkulatory\/aktywnosc\/ocena-aktywnosci-tocznia-rumieniowatego-ukladowego-sledai\/\"><span class=\"wp-block-navigation-item__label\">SLEDAI (TRU\/SLE)<\/span><\/a><\/li><li class=\" wp-block-navigation-item wp-block-navigation-link\"><a class=\"wp-block-navigation-item__content\"  href=\"https:\/\/rheumanext.pl\/pl\/kalkulatory\/aktywnosc\/ocena-aktywnosci-zesztywniajacego-zapalenia-stawow-kregoslupa-asdas\/\"><span class=\"wp-block-navigation-item__label\">ASDAS (ZZSK\/AS)<\/span><\/a><\/li><li class=\" wp-block-navigation-item wp-block-navigation-link\"><a class=\"wp-block-navigation-item__content\"  href=\"https:\/\/rheumanext.pl\/pl\/kalkulatory\/aktywnosc\/ocena-ograniczen-funkcjonalnych-u-chorych-z-reumatoidalnym-zapaleniem-stawow-haq-di\/\"><span class=\"wp-block-navigation-item__label\">HAQ-DI (funkcjonowanie)<\/span><\/a><\/li><li class=\" wp-block-navigation-item wp-block-navigation-link\"><a class=\"wp-block-navigation-item__content\"  href=\"https:\/\/rheumanext.pl\/pl\/kalkulatory\/aktywnosc\/ocena-aktywnosci-luszczycowego-zapalenia-stawow-psaid\/\"><span class=\"wp-block-navigation-item__label\">PsAID (\u0141ZS\/PsA &#8211; jako\u015b\u0107 \u017cycia)<\/span><\/a><\/li><li class=\" wp-block-navigation-item wp-block-navigation-link\"><a class=\"wp-block-navigation-item__content\"  href=\"https:\/\/rheumanext.pl\/pl\/kalkulatory\/aktywnosc\/ocena-aktywnosci-luszczycowego-zapalenia-stawow-asqol\/\"><span class=\"wp-block-navigation-item__label\">ASQoL (ZZSK\/AS &#8211; jako\u015b\u0107 \u017cycia)<\/span><\/a><\/li><li class=\" wp-block-navigation-item wp-block-navigation-link\"><a class=\"wp-block-navigation-item__content\"  href=\"https:\/\/rheumanext.pl\/pl\/kalkulatory\/aktywnosc\/ocena-aktywnosci-reumatoidalnego-zapalenia-stawow-rapid3\/\"><span class=\"wp-block-navigation-item__label\">RAPID3 (RZS\/RA)<\/span><\/a><\/li><li class=\" wp-block-navigation-item wp-block-navigation-link\"><a class=\"wp-block-navigation-item__content\"  href=\"https:\/\/rheumanext.pl\/pl\/kalkulatory\/aktywnosc\/10-letnie-ryzyko-zlamania-frax\/\"><span class=\"wp-block-navigation-item__label\">FRAX (ryzyko z\u0142amania)<\/span><\/a><\/li><li class=\" wp-block-navigation-item wp-block-navigation-link\"><a class=\"wp-block-navigation-item__content\"  href=\"https:\/\/rheumanext.pl\/pl\/kalkulatory\/aktywnosc\/kalkulator-zmeczenia-u-pacjentow-z-przewleklymi-chorobami-reumatycznymi-facit-f\/\"><span class=\"wp-block-navigation-item__label\">FACIT-F (zm\u0119czenie)<\/span><\/a><\/li><\/ul><\/nav>","protected":false},"excerpt":{"rendered":"<p>Wska\u017aniki i skale do oceny aktywno\u015bci choroby oraz por\u00f3wnywania wynik\u00f3w w czasie (m.in. DAS28, BASDAI\/ASDAS, SLEDAI, HAQ, RAPID3, PASDAS). Wyniki maj\u0105 charakter wspieraj\u0105cy i edukacyjny. Nie zast\u0119puj\u0105 interpretacji klinicznej. Zobacz zasady bezpiecze\u0144stwa. Dost\u0119pne kalkulatory<\/p>\n","protected":false},"author":1,"featured_media":0,"parent":827,"menu_order":0,"comment_status":"closed","ping_status":"closed","template":"","meta":{"_bbp_topic_count":0,"_bbp_reply_count":0,"_bbp_total_topic_count":0,"_bbp_total_reply_count":0,"_bbp_voice_count":0,"_bbp_anonymous_reply_count":0,"_bbp_topic_count_hidden":0,"_bbp_reply_count_hidden":0,"_bbp_forum_subforum_count":0,"_kadence_starter_templates_imported_post":false,"_kad_post_transparent":"","_kad_post_title":"","_kad_post_layout":"","_kad_post_sidebar_id":"","_kad_post_content_style":"","_kad_post_vertical_padding":"","_kad_post_feature":"","_kad_post_feature_position":"","_kad_post_header":false,"_kad_post_footer":false,"_kad_post_classname":"","footnotes":""},"class_list":["post-936","page","type-page","status-publish","hentry"],"_links":{"self":[{"href":"https:\/\/rheumanext.pl\/pl\/wp-json\/wp\/v2\/pages\/936","targetHints":{"allow":["GET"]}}],"collection":[{"href":"https:\/\/rheumanext.pl\/pl\/wp-json\/wp\/v2\/pages"}],"about":[{"href":"https:\/\/rheumanext.pl\/pl\/wp-json\/wp\/v2\/types\/page"}],"author":[{"embeddable":true,"href":"https:\/\/rheumanext.pl\/pl\/wp-json\/wp\/v2\/users\/1"}],"replies":[{"embeddable":true,"href":"https:\/\/rheumanext.pl\/pl\/wp-json\/wp\/v2\/comments?post=936"}],"version-history":[{"count":6,"href":"https:\/\/rheumanext.pl\/pl\/wp-json\/wp\/v2\/pages\/936\/revisions"}],"predecessor-version":[{"id":979,"href":"https:\/\/rheumanext.pl\/pl\/wp-json\/wp\/v2\/pages\/936\/revisions\/979"}],"up":[{"embeddable":true,"href":"https:\/\/rheumanext.pl\/pl\/wp-json\/wp\/v2\/pages\/827"}],"wp:attachment":[{"href":"https:\/\/rheumanext.pl\/pl\/wp-json\/wp\/v2\/media?parent=936"}],"curies":[{"name":"wp","href":"https:\/\/api.w.org\/{rel}","templated":true}]}}