{"id":980,"date":"2026-03-02T19:48:10","date_gmt":"2026-03-02T19:48:10","guid":{"rendered":"https:\/\/rheumanext.pl\/?page_id=980"},"modified":"2026-03-02T20:10:31","modified_gmt":"2026-03-02T20:10:31","slug":"kryteria","status":"publish","type":"page","link":"https:\/\/rheumanext.pl\/pl\/kalkulatory\/kryteria\/","title":{"rendered":"Kryteria rozpoznania"},"content":{"rendered":"\n<p>Kryteria ACR\/EULAR i inne narz\u0119dzia klasyfikacyjne wspieraj\u0105ce proces diagnostyczny w chorobach reumatycznych.<\/p>\n\n\n\n<p>Narz\u0119dzie wspieraj\u0105ce i edukacyjne. Nie zast\u0119puje oceny klinicznej. <a href=\"https:\/\/rheumanext.pl\/bezpieczenstwo\/\" data-type=\"page\" data-id=\"832\">Zobacz zasady bezpiecze\u0144stwa.<\/a><\/p>\n\n\n\n<h2 class=\"wp-block-heading\">Dost\u0119pne kryteria<\/h2>\n\n\n<nav class=\"rn-calc-list wp-block-navigation is-layout-flex wp-block-navigation-is-layout-flex\" aria-label=\"Kalkulatory - kryteria\"><ul class=\"wp-block-navigation__container  rn-calc-list wp-block-navigation\"><li class=\" wp-block-navigation-item wp-block-navigation-link\"><a class=\"wp-block-navigation-item__content\"  href=\"https:\/\/rheumanext.pl\/pl\/kalkulatory\/kryteria\/mieszana-choroba-tkanki-lacznej-mctd-alarcon-segovia-i-villarreal\/\"><span class=\"wp-block-navigation-item__label\">MCTD \u2013 Alarc\u00f3n-Segovia i Villarreal<\/span><\/a><\/li><li class=\" wp-block-navigation-item wp-block-navigation-link\"><a class=\"wp-block-navigation-item__content\"  href=\"https:\/\/rheumanext.pl\/pl\/kalkulatory\/kryteria\/mieszana-choroba-tkanki-lacznej-mctd-kasukawa\/\"><span class=\"wp-block-navigation-item__label\">MCTD \u2013 Kasukawa<\/span><\/a><\/li><li class=\" wp-block-navigation-item wp-block-navigation-link\"><a class=\"wp-block-navigation-item__content\"  href=\"https:\/\/rheumanext.pl\/pl\/kalkulatory\/kryteria\/mieszana-choroba-tkanki-lacznej-tanaka\/\"><span class=\"wp-block-navigation-item__label\">MCTD \u2013 Tanaka<\/span><\/a><\/li><li class=\" wp-block-navigation-item wp-block-navigation-link\"><a class=\"wp-block-navigation-item__content\"  href=\"https:\/\/rheumanext.pl\/pl\/kalkulatory\/kryteria\/mikroskopowe-zapalenie-naczyn-acr-eular-2022\/\"><span class=\"wp-block-navigation-item__label\">MPA \u2013 ACR\/EULAR 2022<\/span><\/a><\/li><li class=\" wp-block-navigation-item wp-block-navigation-link\"><a class=\"wp-block-navigation-item__content\"  href=\"https:\/\/rheumanext.pl\/pl\/kalkulatory\/kryteria\/polimialgia-reumatyczna-healey\/\"><span class=\"wp-block-navigation-item__label\">PMR\/PM \u2013 wg Healeya<\/span><\/a><\/li><li class=\" wp-block-navigation-item wp-block-navigation-link\"><a class=\"wp-block-navigation-item__content\"  href=\"https:\/\/rheumanext.pl\/pl\/kalkulatory\/kryteria\/kryteria-rozpoznania-reumatoidalnego-zapalenia-stawow-acr-eular-2010r\/\"><span class=\"wp-block-navigation-item__label\">RZS\/RA \u2013 ACR\/EULAR 2010<\/span><\/a><\/li><li class=\" wp-block-navigation-item wp-block-navigation-link\"><a class=\"wp-block-navigation-item__content\"  href=\"https:\/\/rheumanext.pl\/pl\/kalkulatory\/kryteria\/toczen-rumieniowaty-ukladowy-eular-acr\/\"><span class=\"wp-block-navigation-item__label\">TRU\/SLE \u2013 ACR\/EULAR 2018<\/span><\/a><\/li><li class=\" wp-block-navigation-item wp-block-navigation-link\"><a class=\"wp-block-navigation-item__content\"  href=\"https:\/\/rheumanext.pl\/pl\/kalkulatory\/kryteria\/toczen-rumieniowaty-ukladowy-tru-sle-slicc-2012\/\"><span class=\"wp-block-navigation-item__label\">TRU\/SLE \u2013 SLICC 2012<\/span><\/a><\/li><li class=\" wp-block-navigation-item wp-block-navigation-link\"><a class=\"wp-block-navigation-item__content\"  href=\"https:\/\/rheumanext.pl\/pl\/kalkulatory\/kryteria\/twardzina-ukladowa-acr-eular-2013\/\"><span class=\"wp-block-navigation-item__label\">TU\/SSc \u2013 ACR\/EULAR 2013<\/span><\/a><\/li><li class=\" wp-block-navigation-item wp-block-navigation-link\"><a class=\"wp-block-navigation-item__content\"  href=\"https:\/\/rheumanext.pl\/pl\/kalkulatory\/kryteria\/zapalenie-wielomiesniowe-i-zapalenie-skorno-miesniowe-eular-acr-2017\/\"><span class=\"wp-block-navigation-item__label\">PM i DM \u2013 EULAR\/ACR 2017<\/span><\/a><\/li><li class=\" wp-block-navigation-item wp-block-navigation-link\"><a class=\"wp-block-navigation-item__content\"  href=\"https:\/\/rheumanext.pl\/pl\/kalkulatory\/kryteria\/zapalenie-wielomiesniowe-oraz-skorno-miesniowe-wg-bohana-i-petera\/\"><span class=\"wp-block-navigation-item__label\">PM i DM \u2013 wg Bohana i Petera<\/span><\/a><\/li><li class=\" wp-block-navigation-item wp-block-navigation-link\"><a class=\"wp-block-navigation-item__content\"  href=\"https:\/\/rheumanext.pl\/pl\/kalkulatory\/kryteria\/zespol-antyfosfolipidowy-aps-eular-acr-2023\/\"><span class=\"wp-block-navigation-item__label\">APS \u2013 EULAR\/ACR 2023<\/span><\/a><\/li><li class=\" wp-block-navigation-item wp-block-navigation-link\"><a class=\"wp-block-navigation-item__content\"  href=\"https:\/\/rheumanext.pl\/pl\/kalkulatory\/kryteria\/zespol-sjoegrena-acr-eular-2016\/\"><span class=\"wp-block-navigation-item__label\">ZS\/SjD \u2013 ACR\/EULAR 2016<\/span><\/a><\/li><li class=\" wp-block-navigation-item wp-block-navigation-link\"><a class=\"wp-block-navigation-item__content\"  href=\"https:\/\/rheumanext.pl\/pl\/kalkulatory\/kryteria\/zespol-wielomiejscowego-bolu-miejscowego-kryteria-budapesztanskie\/\"><span class=\"wp-block-navigation-item__label\">CRPS- kryteria budapeszta\u0144skie<\/span><\/a><\/li><li class=\" wp-block-navigation-item wp-block-navigation-link\"><a class=\"wp-block-navigation-item__content\"  href=\"https:\/\/rheumanext.pl\/pl\/kalkulatory\/kryteria\/zesztywniajace-zapalenie-stawow-kregoslupa-zzsk-as\/\"><span class=\"wp-block-navigation-item__label\">ZZSK\/AS \u2013 ASAS<\/span><\/a><\/li><li class=\" wp-block-navigation-item wp-block-navigation-link\"><a class=\"wp-block-navigation-item__content\"  href=\"https:\/\/rheumanext.pl\/pl\/kalkulatory\/kryteria\/zesztywniajace-zapalenie-stawow-kregoslupa-zzsk-as-zmodyfikowane-kryteria-nowojorskie\/\"><span class=\"wp-block-navigation-item__label\">ZZSK\/AS \u2013 zmodyfikowane kryteria nowojorskie<\/span><\/a><\/li><li class=\" wp-block-navigation-item wp-block-navigation-link\"><a class=\"wp-block-navigation-item__content\"  href=\"https:\/\/rheumanext.pl\/pl\/kalkulatory\/kryteria\/ziarniniakowatosc-z-zapaleniem-naczyn-ziarniniak-wegenera-gpa-acr-eular-2022\/\"><span class=\"wp-block-navigation-item__label\">GPA \u2013 ACR\/EULAR 2022<\/span><\/a><\/li><li class=\" wp-block-navigation-item wp-block-navigation-link\"><a class=\"wp-block-navigation-item__content\"  href=\"https:\/\/rheumanext.pl\/pl\/kalkulatory\/kryteria\/choroba-wywolana-zlogami-pirofosforanu-wapnia-acr-eular-2023\/\"><span class=\"wp-block-navigation-item__label\">CPPD \u2013 ACR\/EULAR 2023<\/span><\/a><\/li><li class=\" wp-block-navigation-item wp-block-navigation-link\"><a class=\"wp-block-navigation-item__content\"  href=\"https:\/\/rheumanext.pl\/pl\/kalkulatory\/kryteria\/dna-moczanowa-acr-eular-2015\/\"><span class=\"wp-block-navigation-item__label\">Dna moczanowa \u2013 ACR\/EULAR 2015<\/span><\/a><\/li><li class=\" wp-block-navigation-item wp-block-navigation-link\"><a class=\"wp-block-navigation-item__content\"  href=\"https:\/\/rheumanext.pl\/pl\/kalkulatory\/kryteria\/eozynofilowa-ziarniniakowatosc-z-zapaleniem-naczyn-zespol-churga-i-strauss-egpa-acr-eular-2022\/\"><span class=\"wp-block-navigation-item__label\">EGPA \u2013 ACR\/EULAR 2022<\/span><\/a><\/li><li class=\" wp-block-navigation-item wp-block-navigation-link\"><a class=\"wp-block-navigation-item__content\"  href=\"https:\/\/rheumanext.pl\/pl\/kalkulatory\/kryteria\/fibromialgia-acr-2016\/\"><span class=\"wp-block-navigation-item__label\">Fibromialgia \u2013 ACR 2016<\/span><\/a><\/li><li class=\" wp-block-navigation-item wp-block-navigation-link\"><a class=\"wp-block-navigation-item__content\"  href=\"https:\/\/rheumanext.pl\/pl\/kalkulatory\/kryteria\/kryteria-rozpoznania-luszczycowego-zapalenia-stawow-caspar\/\"><span class=\"wp-block-navigation-item__label\">\u0141ZS\/PSA \u2013 CASPAR<\/span><\/a><\/li><\/ul><\/nav>","protected":false},"excerpt":{"rendered":"<p>Kryteria ACR\/EULAR i inne narz\u0119dzia klasyfikacyjne wspieraj\u0105ce proces diagnostyczny w chorobach reumatycznych. Narz\u0119dzie wspieraj\u0105ce i edukacyjne. Nie zast\u0119puje oceny klinicznej. Zobacz zasady bezpiecze\u0144stwa. Dost\u0119pne kryteria<\/p>\n","protected":false},"author":1,"featured_media":0,"parent":827,"menu_order":0,"comment_status":"closed","ping_status":"closed","template":"","meta":{"_bbp_topic_count":0,"_bbp_reply_count":0,"_bbp_total_topic_count":0,"_bbp_total_reply_count":0,"_bbp_voice_count":0,"_bbp_anonymous_reply_count":0,"_bbp_topic_count_hidden":0,"_bbp_reply_count_hidden":0,"_bbp_forum_subforum_count":0,"_kadence_starter_templates_imported_post":false,"_kad_post_transparent":"","_kad_post_title":"","_kad_post_layout":"","_kad_post_sidebar_id":"","_kad_post_content_style":"","_kad_post_vertical_padding":"","_kad_post_feature":"","_kad_post_feature_position":"","_kad_post_header":false,"_kad_post_footer":false,"_kad_post_classname":"","footnotes":""},"class_list":["post-980","page","type-page","status-publish","hentry"],"_links":{"self":[{"href":"https:\/\/rheumanext.pl\/pl\/wp-json\/wp\/v2\/pages\/980","targetHints":{"allow":["GET"]}}],"collection":[{"href":"https:\/\/rheumanext.pl\/pl\/wp-json\/wp\/v2\/pages"}],"about":[{"href":"https:\/\/rheumanext.pl\/pl\/wp-json\/wp\/v2\/types\/page"}],"author":[{"embeddable":true,"href":"https:\/\/rheumanext.pl\/pl\/wp-json\/wp\/v2\/users\/1"}],"replies":[{"embeddable":true,"href":"https:\/\/rheumanext.pl\/pl\/wp-json\/wp\/v2\/comments?post=980"}],"version-history":[{"count":2,"href":"https:\/\/rheumanext.pl\/pl\/wp-json\/wp\/v2\/pages\/980\/revisions"}],"predecessor-version":[{"id":1006,"href":"https:\/\/rheumanext.pl\/pl\/wp-json\/wp\/v2\/pages\/980\/revisions\/1006"}],"up":[{"embeddable":true,"href":"https:\/\/rheumanext.pl\/pl\/wp-json\/wp\/v2\/pages\/827"}],"wp:attachment":[{"href":"https:\/\/rheumanext.pl\/pl\/wp-json\/wp\/v2\/media?parent=980"}],"curies":[{"name":"wp","href":"https:\/\/api.w.org\/{rel}","templated":true}]}}